{"id":98,"date":"2020-03-06T12:54:46","date_gmt":"2020-03-06T11:54:46","guid":{"rendered":"http:\/\/lamizenkova.com\/?page_id=98"},"modified":"2021-03-22T15:32:00","modified_gmt":"2021-03-22T14:32:00","slug":"about","status":"publish","type":"page","link":"https:\/\/lamizenkova.com\/sk\/about\/","title":{"rendered":"ABOUT US"},"content":{"rendered":"\t\t<div data-elementor-type=\"wp-page\" data-elementor-id=\"98\" class=\"elementor elementor-98\">\n\t\t\t\t\t\t<section class=\"elementor-section elementor-top-section elementor-element elementor-element-a8d174f elementor-section-boxed elementor-section-height-default elementor-section-height-default\" data-id=\"a8d174f\" data-element_type=\"section\" data-e-type=\"section\">\n\t\t\t\t\t\t<div class=\"elementor-container elementor-column-gap-default\">\n\t\t\t\t\t<div class=\"elementor-column elementor-col-100 elementor-top-column elementor-element elementor-element-c51edd3\" data-id=\"c51edd3\" data-element_type=\"column\" data-e-type=\"column\">\n\t\t\t<div class=\"elementor-widget-wrap elementor-element-populated\">\n\t\t\t\t\t\t<div class=\"elementor-element elementor-element-5ea7846 elementor-widget elementor-widget-spacer\" data-id=\"5ea7846\" data-element_type=\"widget\" data-e-type=\"widget\" data-widget_type=\"spacer.default\">\n\t\t\t\t<div class=\"elementor-widget-container\">\n\t\t\t\t\t\t\t<div class=\"elementor-spacer\">\n\t\t\t<div class=\"elementor-spacer-inner\"><\/div>\n\t\t<\/div>\n\t\t\t\t\t\t<\/div>\n\t\t\t\t<\/div>\n\t\t\t\t\t<\/div>\n\t\t<\/div>\n\t\t\t\t\t<\/div>\n\t\t<\/section>\n\t\t\t\t<section class=\"elementor-section elementor-top-section elementor-element elementor-element-7cb53bc elementor-section-boxed elementor-section-height-default elementor-section-height-default\" data-id=\"7cb53bc\" data-element_type=\"section\" data-e-type=\"section\">\n\t\t\t\t\t\t<div class=\"elementor-container elementor-column-gap-default\">\n\t\t\t\t\t<div class=\"elementor-column elementor-col-100 elementor-top-column elementor-element elementor-element-04e5124\" data-id=\"04e5124\" data-element_type=\"column\" data-e-type=\"column\">\n\t\t\t<div class=\"elementor-widget-wrap elementor-element-populated\">\n\t\t\t\t\t\t<div class=\"elementor-element elementor-element-06964ef elementor-widget elementor-widget-heading\" data-id=\"06964ef\" data-element_type=\"widget\" data-e-type=\"widget\" data-widget_type=\"heading.default\">\n\t\t\t\t<div class=\"elementor-widget-container\">\n\t\t\t\t\t<h2 class=\"elementor-heading-title elementor-size-default\">Hello,<br>I\u00b4m MARIA MIZENKOVA<\/h2>\t\t\t\t<\/div>\n\t\t\t\t<\/div>\n\t\t\t\t\t<\/div>\n\t\t<\/div>\n\t\t\t\t\t<\/div>\n\t\t<\/section>\n\t\t\t\t<section class=\"elementor-section elementor-top-section elementor-element elementor-element-270184c elementor-section-stretched elementor-section-full_width elementor-section-height-default elementor-section-height-default\" data-id=\"270184c\" data-element_type=\"section\" data-e-type=\"section\" data-settings=\"{&quot;stretch_section&quot;:&quot;section-stretched&quot;}\">\n\t\t\t\t\t\t<div class=\"elementor-container elementor-column-gap-default\">\n\t\t\t\t\t<div class=\"elementor-column elementor-col-100 elementor-top-column elementor-element elementor-element-ac074c5\" data-id=\"ac074c5\" data-element_type=\"column\" data-e-type=\"column\">\n\t\t\t<div class=\"elementor-widget-wrap elementor-element-populated\">\n\t\t\t\t\t\t<section class=\"elementor-section elementor-inner-section elementor-element elementor-element-68181bc elementor-section-boxed elementor-section-height-default elementor-section-height-default\" data-id=\"68181bc\" data-element_type=\"section\" data-e-type=\"section\">\n\t\t\t\t\t\t<div class=\"elementor-container elementor-column-gap-default\">\n\t\t\t\t\t<div class=\"elementor-column elementor-col-50 elementor-inner-column elementor-element elementor-element-7b3bf77\" data-id=\"7b3bf77\" data-element_type=\"column\" data-e-type=\"column\">\n\t\t\t<div class=\"elementor-widget-wrap elementor-element-populated\">\n\t\t\t\t\t\t<div class=\"elementor-element elementor-element-5cc9e26 elementor-widget elementor-widget-image\" data-id=\"5cc9e26\" data-element_type=\"widget\" data-e-type=\"widget\" data-widget_type=\"image.default\">\n\t\t\t\t<div class=\"elementor-widget-container\">\n\t\t\t\t\t\t\t\t\t\t\t\t\t\t\t<img fetchpriority=\"high\" decoding=\"async\" width=\"683\" height=\"1024\" src=\"https:\/\/i0.wp.com\/lamizenkova.com\/wp-content\/uploads\/2020\/03\/Maria_2020_1-scaled.jpg?fit=683%2C1024&amp;ssl=1\" class=\"attachment-large size-large wp-image-529\" alt=\"Maria Mizenkova Make up Artist\" srcset=\"https:\/\/i0.wp.com\/lamizenkova.com\/wp-content\/uploads\/2020\/03\/Maria_2020_1-scaled.jpg?w=1707&amp;ssl=1 1707w, https:\/\/i0.wp.com\/lamizenkova.com\/wp-content\/uploads\/2020\/03\/Maria_2020_1-scaled.jpg?resize=200%2C300&amp;ssl=1 200w, https:\/\/i0.wp.com\/lamizenkova.com\/wp-content\/uploads\/2020\/03\/Maria_2020_1-scaled.jpg?resize=683%2C1024&amp;ssl=1 683w, https:\/\/i0.wp.com\/lamizenkova.com\/wp-content\/uploads\/2020\/03\/Maria_2020_1-scaled.jpg?resize=768%2C1152&amp;ssl=1 768w, https:\/\/i0.wp.com\/lamizenkova.com\/wp-content\/uploads\/2020\/03\/Maria_2020_1-scaled.jpg?resize=1024%2C1536&amp;ssl=1 1024w, https:\/\/i0.wp.com\/lamizenkova.com\/wp-content\/uploads\/2020\/03\/Maria_2020_1-scaled.jpg?resize=1365%2C2048&amp;ssl=1 1365w, https:\/\/i0.wp.com\/lamizenkova.com\/wp-content\/uploads\/2020\/03\/Maria_2020_1-scaled.jpg?w=1500&amp;ssl=1 1500w\" sizes=\"(max-width: 683px) 100vw, 683px\" \/>\t\t\t\t\t\t\t\t\t\t\t\t\t\t\t<\/div>\n\t\t\t\t<\/div>\n\t\t\t\t\t<\/div>\n\t\t<\/div>\n\t\t\t\t<div class=\"elementor-column elementor-col-50 elementor-inner-column elementor-element elementor-element-17f8020\" data-id=\"17f8020\" data-element_type=\"column\" data-e-type=\"column\">\n\t\t\t<div class=\"elementor-widget-wrap elementor-element-populated\">\n\t\t\t\t\t\t<div class=\"elementor-element elementor-element-c62a8e7 elementor-widget elementor-widget-text-editor\" data-id=\"c62a8e7\" data-element_type=\"widget\" data-e-type=\"widget\" data-widget_type=\"text-editor.default\">\n\t\t\t\t<div class=\"elementor-widget-container\">\n\t\t\t\t\t\t\t\t\t<p style=\"text-align: center;\">I was born in Slovakia in a small town surrounded by mountains, where I grew up helping my parents gardening. I remember our walks in the forest, I was amazed by its diversity and beauty.<\/p><p style=\"text-align: center;\">When I was 19, I left my country in search of discovering the world and its cultures. For many years I lived in places such as Miami, London, Barcelona, Ibiza, Medell\u00edn and Bratislava, exploring the diversity of life. I have more than 10 years of experience in professional makeup and hairstyle, trying to explore a possible understanding of natural and healthy beauty.<\/p><p style=\"text-align: center;\">I love being involved in artistic projects such as advertising, editorial campaigns, audiovisual content and social events, where I\u00b4ve been so lucky to get to work with experienced professionals and major brands such as NATURA and MAC COSMETICS.<\/p><p style=\"text-align: center;\">During 6 years, I worked as a relevant key makeup artist at COLOMBIAMODA fashion week. I loved the\u00a0adrenaline going through my veins as I rushed between fashion catwalks of renowned fashion designers as CUSTO BARCELONA, FRANCESCA MIRANDA, CAMILO ALVAREZ or DAVID ACKERMAN.<\/p><p style=\"text-align: center;\">I got married to a filmmaker, the mind behind the storytelling at LaMIZENKOVA. For more than 14 years we\u00b4ve been developing a connection of creativity and inspiration, working in cinematographic projects for companies like <a href=\"http:\/\/pavoreal.co\">PAVOREAL Films<\/a> or <a href=\"http:\/\/moviolavideo.com\">MOVIOLA Video<\/a>, and music videos of renowned artists of the international scene.<\/p><p style=\"text-align: center;\">I love spending time with my family. <br \/>I love dancing, hot tea and sunsets.<\/p><p style=\"text-align: center;\">Welcome to LaMIZENKOVA &#8211; Welcome to my world!<\/p>\t\t\t\t\t\t\t\t<\/div>\n\t\t\t\t<\/div>\n\t\t\t\t\t<\/div>\n\t\t<\/div>\n\t\t\t\t\t<\/div>\n\t\t<\/section>\n\t\t\t\t\t<\/div>\n\t\t<\/div>\n\t\t\t\t\t<\/div>\n\t\t<\/section>\n\t\t\t\t<section class=\"elementor-section elementor-top-section elementor-element elementor-element-b764cdc elementor-section-boxed elementor-section-height-default elementor-section-height-default\" data-id=\"b764cdc\" data-element_type=\"section\" data-e-type=\"section\">\n\t\t\t\t\t\t<div class=\"elementor-container elementor-column-gap-default\">\n\t\t\t\t\t<div class=\"elementor-column elementor-col-100 elementor-top-column elementor-element elementor-element-301fdc1\" data-id=\"301fdc1\" data-element_type=\"column\" data-e-type=\"column\">\n\t\t\t<div class=\"elementor-widget-wrap elementor-element-populated\">\n\t\t\t\t\t\t<div class=\"elementor-element elementor-element-d78f10a elementor-widget elementor-widget-spacer\" data-id=\"d78f10a\" data-element_type=\"widget\" data-e-type=\"widget\" data-widget_type=\"spacer.default\">\n\t\t\t\t<div class=\"elementor-widget-container\">\n\t\t\t\t\t\t\t<div class=\"elementor-spacer\">\n\t\t\t<div class=\"elementor-spacer-inner\"><\/div>\n\t\t<\/div>\n\t\t\t\t\t\t<\/div>\n\t\t\t\t<\/div>\n\t\t\t\t\t<\/div>\n\t\t<\/div>\n\t\t\t\t\t<\/div>\n\t\t<\/section>\n\t\t\t\t<section class=\"elementor-section elementor-top-section elementor-element elementor-element-8199a9e elementor-section-full_width elementor-section-height-default elementor-section-height-default\" data-id=\"8199a9e\" data-element_type=\"section\" data-e-type=\"section\">\n\t\t\t\t\t\t<div class=\"elementor-container elementor-column-gap-default\">\n\t\t\t\t\t<div class=\"elementor-column elementor-col-100 elementor-top-column elementor-element elementor-element-83686eb\" data-id=\"83686eb\" data-element_type=\"column\" data-e-type=\"column\">\n\t\t\t<div class=\"elementor-widget-wrap elementor-element-populated\">\n\t\t\t\t\t\t<div class=\"elementor-element elementor-element-82ace90 elementor-widget elementor-widget-text-editor\" data-id=\"82ace90\" data-element_type=\"widget\" data-e-type=\"widget\" data-widget_type=\"text-editor.default\">\n\t\t\t\t<div class=\"elementor-widget-container\">\n\t\t\t\t\t\t\t\t\t<p><span style=\"font-family: Quicksand, sans-serif;\"><div class=\"wpforms-container wpforms-container-full\" id=\"wpforms-141\"><form id=\"wpforms-form-141\" class=\"wpforms-validate wpforms-form\" data-formid=\"141\" method=\"post\" enctype=\"multipart\/form-data\" action=\"\/sk\/wp-json\/wp\/v2\/pages\/98\" data-token=\"1791ee7ef6d8fd0648d2029eec82e94f\" data-token-time=\"1776620556\"><noscript class=\"wpforms-error-noscript\">Please enable JavaScript in your browser to complete this form.<\/noscript><div class=\"wpforms-field-container\"><div id=\"wpforms-141-field_0-container\" class=\"wpforms-field wpforms-field-name wpforms-one-half wpforms-first\" data-field-id=\"0\"><label class=\"wpforms-field-label wpforms-label-hide\" for=\"wpforms-141-field_0\">Name <span class=\"wpforms-required-label\">*<\/span><\/label><input type=\"text\" id=\"wpforms-141-field_0\" class=\"wpforms-field-large wpforms-field-required\" name=\"wpforms[fields][0]\" placeholder=\"Your Name\" required><\/div><div id=\"wpforms-141-field_3-container\" class=\"wpforms-field wpforms-field-email wpforms-one-half\" data-field-id=\"3\"><label class=\"wpforms-field-label wpforms-label-hide\" for=\"wpforms-141-field_3\">Email <span class=\"wpforms-required-label\">*<\/span><\/label><input type=\"email\" id=\"wpforms-141-field_3\" class=\"wpforms-field-large wpforms-field-required\" name=\"wpforms[fields][3]\" placeholder=\"Your Email\" spellcheck=\"false\" required><\/div><div id=\"wpforms-141-field_4-container\" class=\"wpforms-field wpforms-field-text\" data-field-id=\"4\"><label class=\"wpforms-field-label wpforms-label-hide\" for=\"wpforms-141-field_4\">Subject<\/label><input type=\"text\" id=\"wpforms-141-field_4\" class=\"wpforms-field-large\" name=\"wpforms[fields][4]\" placeholder=\"Subject\" ><\/div><div id=\"wpforms-141-field_2-container\" class=\"wpforms-field wpforms-field-textarea\" data-field-id=\"2\"><label class=\"wpforms-field-label wpforms-label-hide\" for=\"wpforms-141-field_2\">Message <span class=\"wpforms-required-label\">*<\/span><\/label><textarea id=\"wpforms-141-field_2\" class=\"wpforms-field-medium wpforms-field-required\" name=\"wpforms[fields][2]\" placeholder=\"Your Message\" required><\/textarea><\/div><\/div><!-- .wpforms-field-container --><div class=\"wpforms-submit-container\" ><input type=\"hidden\" name=\"wpforms[id]\" value=\"141\"><input type=\"hidden\" name=\"page_title\" value=\"\"><input type=\"hidden\" name=\"page_url\" value=\"https:\/\/lamizenkova.com\/sk\/wp-json\/wp\/v2\/pages\/98\"><input type=\"hidden\" name=\"url_referer\" value=\"\"><button type=\"submit\" name=\"wpforms[submit]\" id=\"wpforms-submit-141\" class=\"wpforms-submit\" data-alt-text=\"Sending...\" data-submit-text=\"Send\" aria-live=\"assertive\" value=\"wpforms-submit\">Send<\/button><\/div><\/form><\/div>  <!-- .wpforms-container --><\/span><\/p>\t\t\t\t\t\t\t\t<\/div>\n\t\t\t\t<\/div>\n\t\t\t\t\t<\/div>\n\t\t<\/div>\n\t\t\t\t\t<\/div>\n\t\t<\/section>\n\t\t\t\t<\/div>\n\t\t","protected":false},"excerpt":{"rendered":"<p>Hello,I\u00b4m MARIA MIZENKOVA I was born in Slovakia in a small town surrounded by mountains, where I grew up helping my parents gardening. I remember our walks in the forest, I was amazed by its diversity and beauty. When I was 19, I left my country in search of discovering [&hellip;]<\/p>\n","protected":false},"author":1,"featured_media":0,"parent":0,"menu_order":0,"comment_status":"closed","ping_status":"closed","template":"","meta":{"om_disable_all_campaigns":false,"_monsterinsights_skip_tracking":false,"_monsterinsights_sitenote_active":false,"_monsterinsights_sitenote_note":"","_monsterinsights_sitenote_category":0,"ngg_post_thumbnail":0,"footnotes":""},"class_list":["post-98","page","type-page","status-publish","hentry"],"yoast_head":"<!-- This site is optimized with the Yoast SEO plugin v27.4 - https:\/\/yoast.com\/product\/yoast-seo-wordpress\/ -->\n<title>ABOUT US - LaMizenkova<\/title>\n<meta name=\"description\" content=\"Maria Mizenkova. Makeup artist, hairstylist, beauty consultant. I believe in a natural and healthy beauty, respectful with the environment. The passion for my work as a beauty professional drives me to accompany people to explore the best version of themselves, to create an image-based in a conscious and real self-care.\" \/>\n<meta name=\"robots\" content=\"index, follow, max-snippet:-1, max-image-preview:large, max-video-preview:-1\" \/>\n<link rel=\"canonical\" href=\"https:\/\/lamizenkova.com\/sk\/about\/\" \/>\n<meta property=\"og:locale\" content=\"sk_SK\" \/>\n<meta property=\"og:type\" content=\"article\" \/>\n<meta property=\"og:title\" content=\"ABOUT US - LaMizenkova\" \/>\n<meta property=\"og:description\" content=\"Maria Mizenkova. Makeup artist, hairstylist, beauty consultant. I believe in a natural and healthy beauty, respectful with the environment. The passion for my work as a beauty professional drives me to accompany people to explore the best version of themselves, to create an image-based in a conscious and real self-care.\" \/>\n<meta property=\"og:url\" content=\"https:\/\/lamizenkova.com\/sk\/about\/\" \/>\n<meta property=\"og:site_name\" content=\"LaMizenkova\" \/>\n<meta property=\"article:publisher\" content=\"https:\/\/www.facebook.com\/lamizenkova\/\" \/>\n<meta property=\"article:modified_time\" content=\"2021-03-22T14:32:00+00:00\" \/>\n<meta property=\"og:image\" content=\"http:\/\/lamizenkova.com\/wp-content\/uploads\/2020\/03\/Maria_2020_1-683x1024.jpg\" \/>\n<meta name=\"twitter:card\" content=\"summary_large_image\" \/>\n<meta name=\"twitter:label1\" content=\"Predpokladan\u00fd \u010das \u010d\u00edtania\" \/>\n\t<meta name=\"twitter:data1\" content=\"2 min\u00faty\" \/>\n<script type=\"application\/ld+json\" class=\"yoast-schema-graph\">{\"@context\":\"https:\\\/\\\/schema.org\",\"@graph\":[{\"@type\":\"WebPage\",\"@id\":\"https:\\\/\\\/lamizenkova.com\\\/about\\\/\",\"url\":\"https:\\\/\\\/lamizenkova.com\\\/about\\\/\",\"name\":\"ABOUT US - LaMizenkova\",\"isPartOf\":{\"@id\":\"https:\\\/\\\/lamizenkova.com\\\/sk\\\/#website\"},\"primaryImageOfPage\":{\"@id\":\"https:\\\/\\\/lamizenkova.com\\\/about\\\/#primaryimage\"},\"image\":{\"@id\":\"https:\\\/\\\/lamizenkova.com\\\/about\\\/#primaryimage\"},\"thumbnailUrl\":\"https:\\\/\\\/lamizenkova.com\\\/wp-content\\\/uploads\\\/2020\\\/03\\\/Maria_2020_1-683x1024.jpg\",\"datePublished\":\"2020-03-06T11:54:46+00:00\",\"dateModified\":\"2021-03-22T14:32:00+00:00\",\"description\":\"Maria Mizenkova. Makeup artist, hairstylist, beauty consultant. I believe in a natural and healthy beauty, respectful with the environment. The passion for my work as a beauty professional drives me to accompany people to explore the best version of themselves, to create an image-based in a conscious and real self-care.\",\"breadcrumb\":{\"@id\":\"https:\\\/\\\/lamizenkova.com\\\/about\\\/#breadcrumb\"},\"inLanguage\":\"sk-SK\",\"potentialAction\":[{\"@type\":\"ReadAction\",\"target\":[\"https:\\\/\\\/lamizenkova.com\\\/about\\\/\"]}]},{\"@type\":\"ImageObject\",\"inLanguage\":\"sk-SK\",\"@id\":\"https:\\\/\\\/lamizenkova.com\\\/about\\\/#primaryimage\",\"url\":\"https:\\\/\\\/lamizenkova.com\\\/wp-content\\\/uploads\\\/2020\\\/03\\\/Maria_2020_1-683x1024.jpg\",\"contentUrl\":\"https:\\\/\\\/lamizenkova.com\\\/wp-content\\\/uploads\\\/2020\\\/03\\\/Maria_2020_1-683x1024.jpg\"},{\"@type\":\"BreadcrumbList\",\"@id\":\"https:\\\/\\\/lamizenkova.com\\\/about\\\/#breadcrumb\",\"itemListElement\":[{\"@type\":\"ListItem\",\"position\":1,\"name\":\"Home\",\"item\":\"https:\\\/\\\/lamizenkova.com\\\/\"},{\"@type\":\"ListItem\",\"position\":2,\"name\":\"ABOUT US\"}]},{\"@type\":\"WebSite\",\"@id\":\"https:\\\/\\\/lamizenkova.com\\\/sk\\\/#website\",\"url\":\"https:\\\/\\\/lamizenkova.com\\\/sk\\\/\",\"name\":\"LaMizenkova\",\"description\":\"Health and beauty\",\"publisher\":{\"@id\":\"https:\\\/\\\/lamizenkova.com\\\/sk\\\/#organization\"},\"potentialAction\":[{\"@type\":\"SearchAction\",\"target\":{\"@type\":\"EntryPoint\",\"urlTemplate\":\"https:\\\/\\\/lamizenkova.com\\\/sk\\\/?s={search_term_string}\"},\"query-input\":{\"@type\":\"PropertyValueSpecification\",\"valueRequired\":true,\"valueName\":\"search_term_string\"}}],\"inLanguage\":\"sk-SK\"},{\"@type\":\"Organization\",\"@id\":\"https:\\\/\\\/lamizenkova.com\\\/sk\\\/#organization\",\"name\":\"LaMIZENKOVA\",\"url\":\"https:\\\/\\\/lamizenkova.com\\\/sk\\\/\",\"logo\":{\"@type\":\"ImageObject\",\"inLanguage\":\"sk-SK\",\"@id\":\"https:\\\/\\\/lamizenkova.com\\\/sk\\\/#\\\/schema\\\/logo\\\/image\\\/\",\"url\":\"\",\"contentUrl\":\"\",\"caption\":\"LaMIZENKOVA\"},\"image\":{\"@id\":\"https:\\\/\\\/lamizenkova.com\\\/sk\\\/#\\\/schema\\\/logo\\\/image\\\/\"},\"sameAs\":[\"https:\\\/\\\/www.facebook.com\\\/lamizenkova\\\/\",\"https:\\\/\\\/www.instagram.com\\\/lamizenkova\\\/\",\"https:\\\/\\\/www.linkedin.com\\\/in\\\/lamizenkova\\\/\",\"https:\\\/\\\/www.youtube.com\\\/channel\\\/UCm4WFW9dHhdNZGMg_fiHWEw\"]}]}<\/script>\n<!-- \/ Yoast SEO plugin. -->","yoast_head_json":{"title":"ABOUT US - LaMizenkova","description":"Maria Mizenkova. Makeup artist, hairstylist, beauty consultant. I believe in a natural and healthy beauty, respectful with the environment. The passion for my work as a beauty professional drives me to accompany people to explore the best version of themselves, to create an image-based in a conscious and real self-care.","robots":{"index":"index","follow":"follow","max-snippet":"max-snippet:-1","max-image-preview":"max-image-preview:large","max-video-preview":"max-video-preview:-1"},"canonical":"https:\/\/lamizenkova.com\/sk\/about\/","og_locale":"sk_SK","og_type":"article","og_title":"ABOUT US - LaMizenkova","og_description":"Maria Mizenkova. Makeup artist, hairstylist, beauty consultant. I believe in a natural and healthy beauty, respectful with the environment. The passion for my work as a beauty professional drives me to accompany people to explore the best version of themselves, to create an image-based in a conscious and real self-care.","og_url":"https:\/\/lamizenkova.com\/sk\/about\/","og_site_name":"LaMizenkova","article_publisher":"https:\/\/www.facebook.com\/lamizenkova\/","article_modified_time":"2021-03-22T14:32:00+00:00","og_image":[{"url":"http:\/\/lamizenkova.com\/wp-content\/uploads\/2020\/03\/Maria_2020_1-683x1024.jpg","type":"","width":"","height":""}],"twitter_card":"summary_large_image","twitter_misc":{"Predpokladan\u00fd \u010das \u010d\u00edtania":"2 min\u00faty"},"schema":{"@context":"https:\/\/schema.org","@graph":[{"@type":"WebPage","@id":"https:\/\/lamizenkova.com\/about\/","url":"https:\/\/lamizenkova.com\/about\/","name":"ABOUT US - LaMizenkova","isPartOf":{"@id":"https:\/\/lamizenkova.com\/sk\/#website"},"primaryImageOfPage":{"@id":"https:\/\/lamizenkova.com\/about\/#primaryimage"},"image":{"@id":"https:\/\/lamizenkova.com\/about\/#primaryimage"},"thumbnailUrl":"https:\/\/lamizenkova.com\/wp-content\/uploads\/2020\/03\/Maria_2020_1-683x1024.jpg","datePublished":"2020-03-06T11:54:46+00:00","dateModified":"2021-03-22T14:32:00+00:00","description":"Maria Mizenkova. Makeup artist, hairstylist, beauty consultant. I believe in a natural and healthy beauty, respectful with the environment. The passion for my work as a beauty professional drives me to accompany people to explore the best version of themselves, to create an image-based in a conscious and real self-care.","breadcrumb":{"@id":"https:\/\/lamizenkova.com\/about\/#breadcrumb"},"inLanguage":"sk-SK","potentialAction":[{"@type":"ReadAction","target":["https:\/\/lamizenkova.com\/about\/"]}]},{"@type":"ImageObject","inLanguage":"sk-SK","@id":"https:\/\/lamizenkova.com\/about\/#primaryimage","url":"https:\/\/lamizenkova.com\/wp-content\/uploads\/2020\/03\/Maria_2020_1-683x1024.jpg","contentUrl":"https:\/\/lamizenkova.com\/wp-content\/uploads\/2020\/03\/Maria_2020_1-683x1024.jpg"},{"@type":"BreadcrumbList","@id":"https:\/\/lamizenkova.com\/about\/#breadcrumb","itemListElement":[{"@type":"ListItem","position":1,"name":"Home","item":"https:\/\/lamizenkova.com\/"},{"@type":"ListItem","position":2,"name":"ABOUT US"}]},{"@type":"WebSite","@id":"https:\/\/lamizenkova.com\/sk\/#website","url":"https:\/\/lamizenkova.com\/sk\/","name":"LaMizenkova","description":"Health and beauty","publisher":{"@id":"https:\/\/lamizenkova.com\/sk\/#organization"},"potentialAction":[{"@type":"SearchAction","target":{"@type":"EntryPoint","urlTemplate":"https:\/\/lamizenkova.com\/sk\/?s={search_term_string}"},"query-input":{"@type":"PropertyValueSpecification","valueRequired":true,"valueName":"search_term_string"}}],"inLanguage":"sk-SK"},{"@type":"Organization","@id":"https:\/\/lamizenkova.com\/sk\/#organization","name":"LaMIZENKOVA","url":"https:\/\/lamizenkova.com\/sk\/","logo":{"@type":"ImageObject","inLanguage":"sk-SK","@id":"https:\/\/lamizenkova.com\/sk\/#\/schema\/logo\/image\/","url":"","contentUrl":"","caption":"LaMIZENKOVA"},"image":{"@id":"https:\/\/lamizenkova.com\/sk\/#\/schema\/logo\/image\/"},"sameAs":["https:\/\/www.facebook.com\/lamizenkova\/","https:\/\/www.instagram.com\/lamizenkova\/","https:\/\/www.linkedin.com\/in\/lamizenkova\/","https:\/\/www.youtube.com\/channel\/UCm4WFW9dHhdNZGMg_fiHWEw"]}]}},"jetpack_sharing_enabled":true,"_links":{"self":[{"href":"https:\/\/lamizenkova.com\/sk\/wp-json\/wp\/v2\/pages\/98","targetHints":{"allow":["GET"]}}],"collection":[{"href":"https:\/\/lamizenkova.com\/sk\/wp-json\/wp\/v2\/pages"}],"about":[{"href":"https:\/\/lamizenkova.com\/sk\/wp-json\/wp\/v2\/types\/page"}],"author":[{"embeddable":true,"href":"https:\/\/lamizenkova.com\/sk\/wp-json\/wp\/v2\/users\/1"}],"replies":[{"embeddable":true,"href":"https:\/\/lamizenkova.com\/sk\/wp-json\/wp\/v2\/comments?post=98"}],"version-history":[{"count":39,"href":"https:\/\/lamizenkova.com\/sk\/wp-json\/wp\/v2\/pages\/98\/revisions"}],"predecessor-version":[{"id":946,"href":"https:\/\/lamizenkova.com\/sk\/wp-json\/wp\/v2\/pages\/98\/revisions\/946"}],"wp:attachment":[{"href":"https:\/\/lamizenkova.com\/sk\/wp-json\/wp\/v2\/media?parent=98"}],"curies":[{"name":"wp","href":"https:\/\/api.w.org\/{rel}","templated":true}]}}