{"id":602,"date":"2020-03-16T13:27:19","date_gmt":"2020-03-16T12:27:19","guid":{"rendered":"http:\/\/lamizenkova.com\/?page_id=602"},"modified":"2020-03-16T13:28:45","modified_gmt":"2020-03-16T12:28:45","slug":"disclaimer-2","status":"publish","type":"page","link":"https:\/\/lamizenkova.com\/sk\/disclaimer-2\/","title":{"rendered":"DISCLAIMER"},"content":{"rendered":"<div data-elementor-type=\"wp-page\" data-elementor-id=\"602\" class=\"elementor elementor-602\">\n\t\t\t\t\t\t<section class=\"elementor-section elementor-top-section elementor-element elementor-element-14cda74 elementor-section-boxed elementor-section-height-default elementor-section-height-default\" data-id=\"14cda74\" data-element_type=\"section\" data-e-type=\"section\">\n\t\t\t\t\t\t<div class=\"elementor-container elementor-column-gap-default\">\n\t\t\t\t\t<div class=\"elementor-column elementor-col-100 elementor-top-column elementor-element elementor-element-3520d7c\" data-id=\"3520d7c\" data-element_type=\"column\" data-e-type=\"column\">\n\t\t\t<div class=\"elementor-widget-wrap elementor-element-populated\">\n\t\t\t\t\t\t<div class=\"elementor-element elementor-element-a9c20d1 elementor-widget elementor-widget-spacer\" data-id=\"a9c20d1\" data-element_type=\"widget\" data-e-type=\"widget\" data-widget_type=\"spacer.default\">\n\t\t\t\t<div class=\"elementor-widget-container\">\n\t\t\t\t\t\t\t<div class=\"elementor-spacer\">\n\t\t\t<div class=\"elementor-spacer-inner\"><\/div>\n\t\t<\/div>\n\t\t\t\t\t\t<\/div>\n\t\t\t\t<\/div>\n\t\t\t\t\t<\/div>\n\t\t<\/div>\n\t\t\t\t\t<\/div>\n\t\t<\/section>\n\t\t\t\t<section class=\"elementor-section elementor-top-section elementor-element elementor-element-2b33dcd elementor-section-boxed elementor-section-height-default elementor-section-height-default\" data-id=\"2b33dcd\" data-element_type=\"section\" data-e-type=\"section\">\n\t\t\t\t\t\t<div class=\"elementor-container elementor-column-gap-default\">\n\t\t\t\t\t<div class=\"elementor-column elementor-col-100 elementor-top-column elementor-element elementor-element-3cd894b\" data-id=\"3cd894b\" data-element_type=\"column\" data-e-type=\"column\">\n\t\t\t<div class=\"elementor-widget-wrap elementor-element-populated\">\n\t\t\t\t\t\t<div class=\"elementor-element elementor-element-dbf6d59 elementor-widget elementor-widget-heading\" data-id=\"dbf6d59\" data-element_type=\"widget\" data-e-type=\"widget\" data-widget_type=\"heading.default\">\n\t\t\t\t<div class=\"elementor-widget-container\">\n\t\t\t\t\t<h2 class=\"elementor-heading-title elementor-size-default\">DISCLAIMER<\/h2>\t\t\t\t<\/div>\n\t\t\t\t<\/div>\n\t\t\t\t\t<\/div>\n\t\t<\/div>\n\t\t\t\t\t<\/div>\n\t\t<\/section>\n\t\t\t\t<section class=\"elementor-section elementor-top-section elementor-element elementor-element-5152479 elementor-section-boxed elementor-section-height-default elementor-section-height-default\" data-id=\"5152479\" data-element_type=\"section\" data-e-type=\"section\">\n\t\t\t\t\t\t<div class=\"elementor-container elementor-column-gap-default\">\n\t\t\t\t\t<div class=\"elementor-column elementor-col-100 elementor-top-column elementor-element elementor-element-380cb58\" data-id=\"380cb58\" data-element_type=\"column\" data-e-type=\"column\">\n\t\t\t<div class=\"elementor-widget-wrap elementor-element-populated\">\n\t\t\t\t\t\t<div class=\"elementor-element elementor-element-2ba86e8 elementor-widget elementor-widget-spacer\" data-id=\"2ba86e8\" data-element_type=\"widget\" data-e-type=\"widget\" data-widget_type=\"spacer.default\">\n\t\t\t\t<div class=\"elementor-widget-container\">\n\t\t\t\t\t\t\t<div class=\"elementor-spacer\">\n\t\t\t<div class=\"elementor-spacer-inner\"><\/div>\n\t\t<\/div>\n\t\t\t\t\t\t<\/div>\n\t\t\t\t<\/div>\n\t\t\t\t\t<\/div>\n\t\t<\/div>\n\t\t\t\t\t<\/div>\n\t\t<\/section>\n\t\t\t\t<section class=\"elementor-section elementor-top-section elementor-element elementor-element-ea2420d elementor-section-stretched elementor-section-boxed elementor-section-height-default elementor-section-height-default\" data-id=\"ea2420d\" data-element_type=\"section\" data-e-type=\"section\" data-settings=\"{&quot;stretch_section&quot;:&quot;section-stretched&quot;}\">\n\t\t\t\t\t\t<div class=\"elementor-container elementor-column-gap-default\">\n\t\t\t\t\t<div class=\"elementor-column elementor-col-100 elementor-top-column elementor-element elementor-element-d0b44f5\" data-id=\"d0b44f5\" data-element_type=\"column\" data-e-type=\"column\">\n\t\t\t<div class=\"elementor-widget-wrap elementor-element-populated\">\n\t\t\t\t\t\t<div class=\"elementor-element elementor-element-b28b491 elementor-widget elementor-widget-text-editor\" data-id=\"b28b491\" data-element_type=\"widget\" data-e-type=\"widget\" data-widget_type=\"text-editor.default\">\n\t\t\t\t<div class=\"elementor-widget-container\">\n\t\t\t\t\t\t\t\t\t<p>The information contained in this website is for general information purposes only. The information is provided by\u00a0<em>LaMizenkova<\/em>\u00a0and while we endeavour to keep the information up to date and correct, we make no representations or warranties of any kind, express or implied, about the completeness, accuracy, reliability, suitability or availability with respect to the website or the information, products, services, or related graphics contained on the website for any purpose. Any reliance you place on such information is therefore strictly at your own risk.<\/p><p>In no event will we be liable for any loss or damage including without limitation, indirect or consequential loss or damage, or any loss or damage whatsoever arising from loss of data or profits arising out of, or in connection with, the use of this website.<\/p><p>Through this website you are able to link to other websites which are not under the control of\u00a0<em>LaMizenkova<\/em>. We have no control over the nature, content and availability of those sites. The inclusion of any links does not necessarily imply a recommendation or endorse the views expressed within them.<\/p><p>Every effort is made to keep the website up and running smoothly. However,\u00a0<em>LaMizenkova<\/em>\u00a0takes no responsibility for, and will not be liable for, the website being temporarily unavailable due to technical issues beyond our control.<\/p>\t\t\t\t\t\t\t\t<\/div>\n\t\t\t\t<\/div>\n\t\t\t\t\t<\/div>\n\t\t<\/div>\n\t\t\t\t\t<\/div>\n\t\t<\/section>\n\t\t\t\t<section class=\"elementor-section elementor-top-section elementor-element elementor-element-370150b elementor-section-boxed elementor-section-height-default elementor-section-height-default\" data-id=\"370150b\" data-element_type=\"section\" data-e-type=\"section\">\n\t\t\t\t\t\t<div class=\"elementor-container elementor-column-gap-default\">\n\t\t\t\t\t<div class=\"elementor-column elementor-col-100 elementor-top-column elementor-element elementor-element-b8ec445\" data-id=\"b8ec445\" data-element_type=\"column\" data-e-type=\"column\">\n\t\t\t<div class=\"elementor-widget-wrap elementor-element-populated\">\n\t\t\t\t\t\t<div class=\"elementor-element elementor-element-12c1e93 elementor-widget elementor-widget-spacer\" data-id=\"12c1e93\" data-element_type=\"widget\" data-e-type=\"widget\" data-widget_type=\"spacer.default\">\n\t\t\t\t<div class=\"elementor-widget-container\">\n\t\t\t\t\t\t\t<div class=\"elementor-spacer\">\n\t\t\t<div class=\"elementor-spacer-inner\"><\/div>\n\t\t<\/div>\n\t\t\t\t\t\t<\/div>\n\t\t\t\t<\/div>\n\t\t\t\t\t<\/div>\n\t\t<\/div>\n\t\t\t\t\t<\/div>\n\t\t<\/section>\n\t\t\t\t<\/div>","protected":false},"excerpt":{"rendered":"<p>DISCLAIMER The information contained in this website is for general information purposes only. The information is provided by\u00a0LaMizenkova\u00a0and while we endeavour to keep the information up to date and correct, we make no representations or warranties of any kind, express or implied, about the completeness, accuracy, reliability, suitability or availability [&hellip;]<\/p>\n","protected":false},"author":1,"featured_media":0,"parent":0,"menu_order":0,"comment_status":"closed","ping_status":"closed","template":"","meta":{"om_disable_all_campaigns":false,"_monsterinsights_skip_tracking":false,"_monsterinsights_sitenote_active":false,"_monsterinsights_sitenote_note":"","_monsterinsights_sitenote_category":0,"ngg_post_thumbnail":0,"footnotes":""},"class_list":["post-602","page","type-page","status-publish","hentry"],"yoast_head":"<!-- This site is optimized with the Yoast SEO plugin v27.4 - https:\/\/yoast.com\/product\/yoast-seo-wordpress\/ -->\n<title>DISCLAIMER - LaMizenkova<\/title>\n<meta name=\"description\" content=\"Maria Mizenkova. Makeup artist, hairstylist, beauty consultant. I believe in a natural and healthy beauty, respectful with the environment. The passion for my work as a beauty professional drives me to accompany people to explore the best version of themselves, to create an image-based in a conscious and real self-care.\" \/>\n<meta name=\"robots\" content=\"index, follow, max-snippet:-1, max-image-preview:large, max-video-preview:-1\" \/>\n<link rel=\"canonical\" href=\"https:\/\/lamizenkova.com\/sk\/disclaimer-2\/\" \/>\n<meta property=\"og:locale\" content=\"sk_SK\" \/>\n<meta property=\"og:type\" content=\"article\" \/>\n<meta property=\"og:title\" content=\"DISCLAIMER - LaMizenkova\" \/>\n<meta property=\"og:description\" content=\"Maria Mizenkova. Makeup artist, hairstylist, beauty consultant. I believe in a natural and healthy beauty, respectful with the environment. The passion for my work as a beauty professional drives me to accompany people to explore the best version of themselves, to create an image-based in a conscious and real self-care.\" \/>\n<meta property=\"og:url\" content=\"https:\/\/lamizenkova.com\/sk\/disclaimer-2\/\" \/>\n<meta property=\"og:site_name\" content=\"LaMizenkova\" \/>\n<meta property=\"article:publisher\" content=\"https:\/\/www.facebook.com\/lamizenkova\/\" \/>\n<meta property=\"article:modified_time\" content=\"2020-03-16T12:28:45+00:00\" \/>\n<meta name=\"twitter:card\" content=\"summary_large_image\" \/>\n<meta name=\"twitter:label1\" content=\"Predpokladan\u00fd \u010das \u010d\u00edtania\" \/>\n\t<meta name=\"twitter:data1\" content=\"1 min\u00fata\" \/>\n<script type=\"application\/ld+json\" class=\"yoast-schema-graph\">{\"@context\":\"https:\\\/\\\/schema.org\",\"@graph\":[{\"@type\":\"WebPage\",\"@id\":\"https:\\\/\\\/lamizenkova.com\\\/sk\\\/disclaimer-2\\\/\",\"url\":\"https:\\\/\\\/lamizenkova.com\\\/sk\\\/disclaimer-2\\\/\",\"name\":\"DISCLAIMER - LaMizenkova\",\"isPartOf\":{\"@id\":\"https:\\\/\\\/lamizenkova.com\\\/sk\\\/#website\"},\"datePublished\":\"2020-03-16T12:27:19+00:00\",\"dateModified\":\"2020-03-16T12:28:45+00:00\",\"description\":\"Maria Mizenkova. Makeup artist, hairstylist, beauty consultant. I believe in a natural and healthy beauty, respectful with the environment. The passion for my work as a beauty professional drives me to accompany people to explore the best version of themselves, to create an image-based in a conscious and real self-care.\",\"breadcrumb\":{\"@id\":\"https:\\\/\\\/lamizenkova.com\\\/sk\\\/disclaimer-2\\\/#breadcrumb\"},\"inLanguage\":\"sk-SK\",\"potentialAction\":[{\"@type\":\"ReadAction\",\"target\":[\"https:\\\/\\\/lamizenkova.com\\\/sk\\\/disclaimer-2\\\/\"]}]},{\"@type\":\"BreadcrumbList\",\"@id\":\"https:\\\/\\\/lamizenkova.com\\\/sk\\\/disclaimer-2\\\/#breadcrumb\",\"itemListElement\":[{\"@type\":\"ListItem\",\"position\":1,\"name\":\"Home\",\"item\":\"https:\\\/\\\/lamizenkova.com\\\/\"},{\"@type\":\"ListItem\",\"position\":2,\"name\":\"DISCLAIMER\"}]},{\"@type\":\"WebSite\",\"@id\":\"https:\\\/\\\/lamizenkova.com\\\/sk\\\/#website\",\"url\":\"https:\\\/\\\/lamizenkova.com\\\/sk\\\/\",\"name\":\"LaMizenkova\",\"description\":\"Health and beauty\",\"publisher\":{\"@id\":\"https:\\\/\\\/lamizenkova.com\\\/sk\\\/#organization\"},\"potentialAction\":[{\"@type\":\"SearchAction\",\"target\":{\"@type\":\"EntryPoint\",\"urlTemplate\":\"https:\\\/\\\/lamizenkova.com\\\/sk\\\/?s={search_term_string}\"},\"query-input\":{\"@type\":\"PropertyValueSpecification\",\"valueRequired\":true,\"valueName\":\"search_term_string\"}}],\"inLanguage\":\"sk-SK\"},{\"@type\":\"Organization\",\"@id\":\"https:\\\/\\\/lamizenkova.com\\\/sk\\\/#organization\",\"name\":\"LaMIZENKOVA\",\"url\":\"https:\\\/\\\/lamizenkova.com\\\/sk\\\/\",\"logo\":{\"@type\":\"ImageObject\",\"inLanguage\":\"sk-SK\",\"@id\":\"https:\\\/\\\/lamizenkova.com\\\/sk\\\/#\\\/schema\\\/logo\\\/image\\\/\",\"url\":\"\",\"contentUrl\":\"\",\"caption\":\"LaMIZENKOVA\"},\"image\":{\"@id\":\"https:\\\/\\\/lamizenkova.com\\\/sk\\\/#\\\/schema\\\/logo\\\/image\\\/\"},\"sameAs\":[\"https:\\\/\\\/www.facebook.com\\\/lamizenkova\\\/\",\"https:\\\/\\\/www.instagram.com\\\/lamizenkova\\\/\",\"https:\\\/\\\/www.linkedin.com\\\/in\\\/lamizenkova\\\/\",\"https:\\\/\\\/www.youtube.com\\\/channel\\\/UCm4WFW9dHhdNZGMg_fiHWEw\"]}]}<\/script>\n<!-- \/ Yoast SEO plugin. -->","yoast_head_json":{"title":"DISCLAIMER - LaMizenkova","description":"Maria Mizenkova. Makeup artist, hairstylist, beauty consultant. I believe in a natural and healthy beauty, respectful with the environment. The passion for my work as a beauty professional drives me to accompany people to explore the best version of themselves, to create an image-based in a conscious and real self-care.","robots":{"index":"index","follow":"follow","max-snippet":"max-snippet:-1","max-image-preview":"max-image-preview:large","max-video-preview":"max-video-preview:-1"},"canonical":"https:\/\/lamizenkova.com\/sk\/disclaimer-2\/","og_locale":"sk_SK","og_type":"article","og_title":"DISCLAIMER - LaMizenkova","og_description":"Maria Mizenkova. Makeup artist, hairstylist, beauty consultant. I believe in a natural and healthy beauty, respectful with the environment. The passion for my work as a beauty professional drives me to accompany people to explore the best version of themselves, to create an image-based in a conscious and real self-care.","og_url":"https:\/\/lamizenkova.com\/sk\/disclaimer-2\/","og_site_name":"LaMizenkova","article_publisher":"https:\/\/www.facebook.com\/lamizenkova\/","article_modified_time":"2020-03-16T12:28:45+00:00","twitter_card":"summary_large_image","twitter_misc":{"Predpokladan\u00fd \u010das \u010d\u00edtania":"1 min\u00fata"},"schema":{"@context":"https:\/\/schema.org","@graph":[{"@type":"WebPage","@id":"https:\/\/lamizenkova.com\/sk\/disclaimer-2\/","url":"https:\/\/lamizenkova.com\/sk\/disclaimer-2\/","name":"DISCLAIMER - LaMizenkova","isPartOf":{"@id":"https:\/\/lamizenkova.com\/sk\/#website"},"datePublished":"2020-03-16T12:27:19+00:00","dateModified":"2020-03-16T12:28:45+00:00","description":"Maria Mizenkova. Makeup artist, hairstylist, beauty consultant. I believe in a natural and healthy beauty, respectful with the environment. The passion for my work as a beauty professional drives me to accompany people to explore the best version of themselves, to create an image-based in a conscious and real self-care.","breadcrumb":{"@id":"https:\/\/lamizenkova.com\/sk\/disclaimer-2\/#breadcrumb"},"inLanguage":"sk-SK","potentialAction":[{"@type":"ReadAction","target":["https:\/\/lamizenkova.com\/sk\/disclaimer-2\/"]}]},{"@type":"BreadcrumbList","@id":"https:\/\/lamizenkova.com\/sk\/disclaimer-2\/#breadcrumb","itemListElement":[{"@type":"ListItem","position":1,"name":"Home","item":"https:\/\/lamizenkova.com\/"},{"@type":"ListItem","position":2,"name":"DISCLAIMER"}]},{"@type":"WebSite","@id":"https:\/\/lamizenkova.com\/sk\/#website","url":"https:\/\/lamizenkova.com\/sk\/","name":"LaMizenkova","description":"Health and beauty","publisher":{"@id":"https:\/\/lamizenkova.com\/sk\/#organization"},"potentialAction":[{"@type":"SearchAction","target":{"@type":"EntryPoint","urlTemplate":"https:\/\/lamizenkova.com\/sk\/?s={search_term_string}"},"query-input":{"@type":"PropertyValueSpecification","valueRequired":true,"valueName":"search_term_string"}}],"inLanguage":"sk-SK"},{"@type":"Organization","@id":"https:\/\/lamizenkova.com\/sk\/#organization","name":"LaMIZENKOVA","url":"https:\/\/lamizenkova.com\/sk\/","logo":{"@type":"ImageObject","inLanguage":"sk-SK","@id":"https:\/\/lamizenkova.com\/sk\/#\/schema\/logo\/image\/","url":"","contentUrl":"","caption":"LaMIZENKOVA"},"image":{"@id":"https:\/\/lamizenkova.com\/sk\/#\/schema\/logo\/image\/"},"sameAs":["https:\/\/www.facebook.com\/lamizenkova\/","https:\/\/www.instagram.com\/lamizenkova\/","https:\/\/www.linkedin.com\/in\/lamizenkova\/","https:\/\/www.youtube.com\/channel\/UCm4WFW9dHhdNZGMg_fiHWEw"]}]}},"jetpack_sharing_enabled":true,"_links":{"self":[{"href":"https:\/\/lamizenkova.com\/sk\/wp-json\/wp\/v2\/pages\/602","targetHints":{"allow":["GET"]}}],"collection":[{"href":"https:\/\/lamizenkova.com\/sk\/wp-json\/wp\/v2\/pages"}],"about":[{"href":"https:\/\/lamizenkova.com\/sk\/wp-json\/wp\/v2\/types\/page"}],"author":[{"embeddable":true,"href":"https:\/\/lamizenkova.com\/sk\/wp-json\/wp\/v2\/users\/1"}],"replies":[{"embeddable":true,"href":"https:\/\/lamizenkova.com\/sk\/wp-json\/wp\/v2\/comments?post=602"}],"version-history":[{"count":2,"href":"https:\/\/lamizenkova.com\/sk\/wp-json\/wp\/v2\/pages\/602\/revisions"}],"predecessor-version":[{"id":604,"href":"https:\/\/lamizenkova.com\/sk\/wp-json\/wp\/v2\/pages\/602\/revisions\/604"}],"wp:attachment":[{"href":"https:\/\/lamizenkova.com\/sk\/wp-json\/wp\/v2\/media?parent=602"}],"curies":[{"name":"wp","href":"https:\/\/api.w.org\/{rel}","templated":true}]}}