{"id":598,"date":"2020-03-16T13:23:50","date_gmt":"2020-03-16T12:23:50","guid":{"rendered":"http:\/\/lamizenkova.com\/?page_id=598"},"modified":"2020-03-16T13:25:17","modified_gmt":"2020-03-16T12:25:17","slug":"privacy-policy-2","status":"publish","type":"page","link":"https:\/\/lamizenkova.com\/sk\/privacy-policy-2\/","title":{"rendered":"PRIVACY POLICY"},"content":{"rendered":"<div data-elementor-type=\"wp-page\" data-elementor-id=\"598\" class=\"elementor elementor-598\">\n\t\t\t\t\t\t<section class=\"elementor-section elementor-top-section elementor-element elementor-element-14cda74 elementor-section-boxed elementor-section-height-default elementor-section-height-default\" data-id=\"14cda74\" data-element_type=\"section\" data-e-type=\"section\">\n\t\t\t\t\t\t<div class=\"elementor-container elementor-column-gap-default\">\n\t\t\t\t\t<div class=\"elementor-column elementor-col-100 elementor-top-column elementor-element elementor-element-3520d7c\" data-id=\"3520d7c\" data-element_type=\"column\" data-e-type=\"column\">\n\t\t\t<div class=\"elementor-widget-wrap elementor-element-populated\">\n\t\t\t\t\t\t<div class=\"elementor-element elementor-element-a9c20d1 elementor-widget elementor-widget-spacer\" data-id=\"a9c20d1\" data-element_type=\"widget\" data-e-type=\"widget\" data-widget_type=\"spacer.default\">\n\t\t\t\t<div class=\"elementor-widget-container\">\n\t\t\t\t\t\t\t<div class=\"elementor-spacer\">\n\t\t\t<div class=\"elementor-spacer-inner\"><\/div>\n\t\t<\/div>\n\t\t\t\t\t\t<\/div>\n\t\t\t\t<\/div>\n\t\t\t\t\t<\/div>\n\t\t<\/div>\n\t\t\t\t\t<\/div>\n\t\t<\/section>\n\t\t\t\t<section class=\"elementor-section elementor-top-section elementor-element elementor-element-2b33dcd elementor-section-boxed elementor-section-height-default elementor-section-height-default\" data-id=\"2b33dcd\" data-element_type=\"section\" data-e-type=\"section\">\n\t\t\t\t\t\t<div class=\"elementor-container elementor-column-gap-default\">\n\t\t\t\t\t<div class=\"elementor-column elementor-col-100 elementor-top-column elementor-element elementor-element-3cd894b\" data-id=\"3cd894b\" data-element_type=\"column\" data-e-type=\"column\">\n\t\t\t<div class=\"elementor-widget-wrap elementor-element-populated\">\n\t\t\t\t\t\t<div class=\"elementor-element elementor-element-dbf6d59 elementor-widget elementor-widget-heading\" data-id=\"dbf6d59\" data-element_type=\"widget\" data-e-type=\"widget\" data-widget_type=\"heading.default\">\n\t\t\t\t<div class=\"elementor-widget-container\">\n\t\t\t\t\t<h2 class=\"elementor-heading-title elementor-size-default\">PRIVACY POLICY<\/h2>\t\t\t\t<\/div>\n\t\t\t\t<\/div>\n\t\t\t\t\t<\/div>\n\t\t<\/div>\n\t\t\t\t\t<\/div>\n\t\t<\/section>\n\t\t\t\t<section class=\"elementor-section elementor-top-section elementor-element elementor-element-5152479 elementor-section-boxed elementor-section-height-default elementor-section-height-default\" data-id=\"5152479\" data-element_type=\"section\" data-e-type=\"section\">\n\t\t\t\t\t\t<div class=\"elementor-container elementor-column-gap-default\">\n\t\t\t\t\t<div class=\"elementor-column elementor-col-100 elementor-top-column elementor-element elementor-element-380cb58\" data-id=\"380cb58\" data-element_type=\"column\" data-e-type=\"column\">\n\t\t\t<div class=\"elementor-widget-wrap elementor-element-populated\">\n\t\t\t\t\t\t<div class=\"elementor-element elementor-element-2ba86e8 elementor-widget elementor-widget-spacer\" data-id=\"2ba86e8\" data-element_type=\"widget\" data-e-type=\"widget\" data-widget_type=\"spacer.default\">\n\t\t\t\t<div class=\"elementor-widget-container\">\n\t\t\t\t\t\t\t<div class=\"elementor-spacer\">\n\t\t\t<div class=\"elementor-spacer-inner\"><\/div>\n\t\t<\/div>\n\t\t\t\t\t\t<\/div>\n\t\t\t\t<\/div>\n\t\t\t\t\t<\/div>\n\t\t<\/div>\n\t\t\t\t\t<\/div>\n\t\t<\/section>\n\t\t\t\t<section class=\"elementor-section elementor-top-section elementor-element elementor-element-ea2420d elementor-section-stretched elementor-section-boxed elementor-section-height-default elementor-section-height-default\" data-id=\"ea2420d\" data-element_type=\"section\" data-e-type=\"section\" data-settings=\"{&quot;stretch_section&quot;:&quot;section-stretched&quot;}\">\n\t\t\t\t\t\t<div class=\"elementor-container elementor-column-gap-default\">\n\t\t\t\t\t<div class=\"elementor-column elementor-col-100 elementor-top-column elementor-element elementor-element-d0b44f5\" data-id=\"d0b44f5\" data-element_type=\"column\" data-e-type=\"column\">\n\t\t\t<div class=\"elementor-widget-wrap elementor-element-populated\">\n\t\t\t\t\t\t<div class=\"elementor-element elementor-element-b28b491 elementor-widget elementor-widget-text-editor\" data-id=\"b28b491\" data-element_type=\"widget\" data-e-type=\"widget\" data-widget_type=\"text-editor.default\">\n\t\t\t\t<div class=\"elementor-widget-container\">\n\t\t\t\t\t\t\t\t\t<p>At\u00a0<em>LaMizenkova<\/em>, the privacy of our visitors is of extreme importance to us. This privacy policy document outlines the types of personal information is received and collected by\u00a0<em>LaMizenkova<\/em>\u00a0and how it is used.<\/p><p><strong>Log Files<\/strong><\/p><p>Like many other Web sites,\u00a0<em>LaMizenkova<\/em>\u00a0makes use of log files. The information inside the log files includes internet protocol (IP) addresses, type of browser, Internet Service Provider (ISP), date\/time stamp, referring\/exit pages, and number of clicks to analyze trends, administer the site, track user&#8217;s movement around the site, and gather demographic information. IP addresses, and other such information are not linked to any information that is personally identifiable.<\/p><p><strong>Cookies and Web Beacons<\/strong><\/p><p><em>LaMizenkova<\/em>\u00a0does use cookies to store information about visitors preferences, record user-specific information on which pages the user access or visit, customize Web page content based on visitors browser type or other information that the visitor sends via their browser.<\/p><p><strong>DoubleClick DART Cookie<\/strong><\/p><ul><li>Google, as a third party vendor, uses cookies to serve ads on\u00a0<em>LaMizenkova<\/em>.<\/li><li>Google&#8217;s use of the DART cookie enables it to serve ads to users based on their visit to\u00a0<em>LaMizenkova<\/em>\u00a0and other sites on the Internet.<\/li><li>Users may opt out of the use of the DART cookie by visiting the Google ad and content network privacy policy at the following URL &#8211;\u00a0<a href=\"https:\/\/www.google.com\/policies\/privacy\/\">https:\/\/www.google.com\/policies\/privacy\/<\/a>.<\/li><\/ul><p>These third-party ad servers or ad networks use technology to the advertisements and links that appear on\u00a0<em>LaMizenkova<\/em>\u00a0send directly to your browsers. They automatically receive your IP address when this occurs. Other technologies ( such as cookies, JavaScript, or Web Beacons ) may also be used by the third-party ad networks to measure the effectiveness of their advertisements and \/ or to personalize the advertising content that you see.<\/p><p><em>LaMizenkova<\/em>\u00a0has no access to or control over these cookies that are used by third-party advertisers.<\/p><p>You should consult the respective privacy policies of these third-party ad servers for more detailed information on their practices as well as for instructions about how to opt-out of certain practices.\u00a0<em>LaMizenkova<\/em>&#8216;s privacy policy does not apply to, and we cannot control the activities of, such other advertisers or web sites.<\/p><p>If you wish to disable cookies, you may do so through your individual browser options. More detailed information about cookie management with specific web browsers can be found at the browser&#8217;s respective websites.<\/p>\t\t\t\t\t\t\t\t<\/div>\n\t\t\t\t<\/div>\n\t\t\t\t\t<\/div>\n\t\t<\/div>\n\t\t\t\t\t<\/div>\n\t\t<\/section>\n\t\t\t\t<section class=\"elementor-section elementor-top-section elementor-element elementor-element-370150b elementor-section-boxed elementor-section-height-default elementor-section-height-default\" data-id=\"370150b\" data-element_type=\"section\" data-e-type=\"section\">\n\t\t\t\t\t\t<div class=\"elementor-container elementor-column-gap-default\">\n\t\t\t\t\t<div class=\"elementor-column elementor-col-100 elementor-top-column elementor-element elementor-element-b8ec445\" data-id=\"b8ec445\" data-element_type=\"column\" data-e-type=\"column\">\n\t\t\t<div class=\"elementor-widget-wrap elementor-element-populated\">\n\t\t\t\t\t\t<div class=\"elementor-element elementor-element-12c1e93 elementor-widget elementor-widget-spacer\" data-id=\"12c1e93\" data-element_type=\"widget\" data-e-type=\"widget\" data-widget_type=\"spacer.default\">\n\t\t\t\t<div class=\"elementor-widget-container\">\n\t\t\t\t\t\t\t<div class=\"elementor-spacer\">\n\t\t\t<div class=\"elementor-spacer-inner\"><\/div>\n\t\t<\/div>\n\t\t\t\t\t\t<\/div>\n\t\t\t\t<\/div>\n\t\t\t\t\t<\/div>\n\t\t<\/div>\n\t\t\t\t\t<\/div>\n\t\t<\/section>\n\t\t\t\t<\/div>","protected":false},"excerpt":{"rendered":"<p>PRIVACY POLICY At\u00a0LaMizenkova, the privacy of our visitors is of extreme importance to us. This privacy policy document outlines the types of personal information is received and collected by\u00a0LaMizenkova\u00a0and how it is used. Log Files Like many other Web sites,\u00a0LaMizenkova\u00a0makes use of log files. The information inside the log files [&hellip;]<\/p>\n","protected":false},"author":1,"featured_media":0,"parent":0,"menu_order":0,"comment_status":"closed","ping_status":"closed","template":"","meta":{"om_disable_all_campaigns":false,"_monsterinsights_skip_tracking":false,"_monsterinsights_sitenote_active":false,"_monsterinsights_sitenote_note":"","_monsterinsights_sitenote_category":0,"ngg_post_thumbnail":0,"footnotes":""},"class_list":["post-598","page","type-page","status-publish","hentry"],"yoast_head":"<!-- This site is optimized with the Yoast SEO plugin v27.4 - https:\/\/yoast.com\/product\/yoast-seo-wordpress\/ -->\n<title>PRIVACY POLICY - LaMizenkova<\/title>\n<meta name=\"description\" content=\"Maria Mizenkova. Makeup artist, hairstylist, beauty consultant. I believe in a natural and healthy beauty, respectful with the environment. The passion for my work as a beauty professional drives me to accompany people to explore the best version of themselves, to create an image-based in a conscious and real self-care.\" \/>\n<meta name=\"robots\" content=\"index, follow, max-snippet:-1, max-image-preview:large, max-video-preview:-1\" \/>\n<link rel=\"canonical\" href=\"https:\/\/lamizenkova.com\/sk\/privacy-policy-2\/\" \/>\n<meta property=\"og:locale\" content=\"sk_SK\" \/>\n<meta property=\"og:type\" content=\"article\" \/>\n<meta property=\"og:title\" content=\"PRIVACY POLICY - LaMizenkova\" \/>\n<meta property=\"og:description\" content=\"Maria Mizenkova. Makeup artist, hairstylist, beauty consultant. I believe in a natural and healthy beauty, respectful with the environment. The passion for my work as a beauty professional drives me to accompany people to explore the best version of themselves, to create an image-based in a conscious and real self-care.\" \/>\n<meta property=\"og:url\" content=\"https:\/\/lamizenkova.com\/sk\/privacy-policy-2\/\" \/>\n<meta property=\"og:site_name\" content=\"LaMizenkova\" \/>\n<meta property=\"article:publisher\" content=\"https:\/\/www.facebook.com\/lamizenkova\/\" \/>\n<meta property=\"article:modified_time\" content=\"2020-03-16T12:25:17+00:00\" \/>\n<meta name=\"twitter:card\" content=\"summary_large_image\" \/>\n<meta name=\"twitter:label1\" content=\"Predpokladan\u00fd \u010das \u010d\u00edtania\" \/>\n\t<meta name=\"twitter:data1\" content=\"2 min\u00faty\" \/>\n<script type=\"application\/ld+json\" class=\"yoast-schema-graph\">{\"@context\":\"https:\\\/\\\/schema.org\",\"@graph\":[{\"@type\":\"WebPage\",\"@id\":\"https:\\\/\\\/lamizenkova.com\\\/privacy-policy-2\\\/\",\"url\":\"https:\\\/\\\/lamizenkova.com\\\/privacy-policy-2\\\/\",\"name\":\"PRIVACY POLICY - LaMizenkova\",\"isPartOf\":{\"@id\":\"https:\\\/\\\/lamizenkova.com\\\/sk\\\/#website\"},\"datePublished\":\"2020-03-16T12:23:50+00:00\",\"dateModified\":\"2020-03-16T12:25:17+00:00\",\"description\":\"Maria Mizenkova. Makeup artist, hairstylist, beauty consultant. I believe in a natural and healthy beauty, respectful with the environment. The passion for my work as a beauty professional drives me to accompany people to explore the best version of themselves, to create an image-based in a conscious and real self-care.\",\"breadcrumb\":{\"@id\":\"https:\\\/\\\/lamizenkova.com\\\/privacy-policy-2\\\/#breadcrumb\"},\"inLanguage\":\"sk-SK\",\"potentialAction\":[{\"@type\":\"ReadAction\",\"target\":[\"https:\\\/\\\/lamizenkova.com\\\/privacy-policy-2\\\/\"]}]},{\"@type\":\"BreadcrumbList\",\"@id\":\"https:\\\/\\\/lamizenkova.com\\\/privacy-policy-2\\\/#breadcrumb\",\"itemListElement\":[{\"@type\":\"ListItem\",\"position\":1,\"name\":\"Home\",\"item\":\"https:\\\/\\\/lamizenkova.com\\\/\"},{\"@type\":\"ListItem\",\"position\":2,\"name\":\"PRIVACY POLICY\"}]},{\"@type\":\"WebSite\",\"@id\":\"https:\\\/\\\/lamizenkova.com\\\/sk\\\/#website\",\"url\":\"https:\\\/\\\/lamizenkova.com\\\/sk\\\/\",\"name\":\"LaMizenkova\",\"description\":\"Health and beauty\",\"publisher\":{\"@id\":\"https:\\\/\\\/lamizenkova.com\\\/sk\\\/#organization\"},\"potentialAction\":[{\"@type\":\"SearchAction\",\"target\":{\"@type\":\"EntryPoint\",\"urlTemplate\":\"https:\\\/\\\/lamizenkova.com\\\/sk\\\/?s={search_term_string}\"},\"query-input\":{\"@type\":\"PropertyValueSpecification\",\"valueRequired\":true,\"valueName\":\"search_term_string\"}}],\"inLanguage\":\"sk-SK\"},{\"@type\":\"Organization\",\"@id\":\"https:\\\/\\\/lamizenkova.com\\\/sk\\\/#organization\",\"name\":\"LaMIZENKOVA\",\"url\":\"https:\\\/\\\/lamizenkova.com\\\/sk\\\/\",\"logo\":{\"@type\":\"ImageObject\",\"inLanguage\":\"sk-SK\",\"@id\":\"https:\\\/\\\/lamizenkova.com\\\/sk\\\/#\\\/schema\\\/logo\\\/image\\\/\",\"url\":\"\",\"contentUrl\":\"\",\"caption\":\"LaMIZENKOVA\"},\"image\":{\"@id\":\"https:\\\/\\\/lamizenkova.com\\\/sk\\\/#\\\/schema\\\/logo\\\/image\\\/\"},\"sameAs\":[\"https:\\\/\\\/www.facebook.com\\\/lamizenkova\\\/\",\"https:\\\/\\\/www.instagram.com\\\/lamizenkova\\\/\",\"https:\\\/\\\/www.linkedin.com\\\/in\\\/lamizenkova\\\/\",\"https:\\\/\\\/www.youtube.com\\\/channel\\\/UCm4WFW9dHhdNZGMg_fiHWEw\"]}]}<\/script>\n<!-- \/ Yoast SEO plugin. -->","yoast_head_json":{"title":"PRIVACY POLICY - LaMizenkova","description":"Maria Mizenkova. Makeup artist, hairstylist, beauty consultant. I believe in a natural and healthy beauty, respectful with the environment. The passion for my work as a beauty professional drives me to accompany people to explore the best version of themselves, to create an image-based in a conscious and real self-care.","robots":{"index":"index","follow":"follow","max-snippet":"max-snippet:-1","max-image-preview":"max-image-preview:large","max-video-preview":"max-video-preview:-1"},"canonical":"https:\/\/lamizenkova.com\/sk\/privacy-policy-2\/","og_locale":"sk_SK","og_type":"article","og_title":"PRIVACY POLICY - LaMizenkova","og_description":"Maria Mizenkova. Makeup artist, hairstylist, beauty consultant. I believe in a natural and healthy beauty, respectful with the environment. The passion for my work as a beauty professional drives me to accompany people to explore the best version of themselves, to create an image-based in a conscious and real self-care.","og_url":"https:\/\/lamizenkova.com\/sk\/privacy-policy-2\/","og_site_name":"LaMizenkova","article_publisher":"https:\/\/www.facebook.com\/lamizenkova\/","article_modified_time":"2020-03-16T12:25:17+00:00","twitter_card":"summary_large_image","twitter_misc":{"Predpokladan\u00fd \u010das \u010d\u00edtania":"2 min\u00faty"},"schema":{"@context":"https:\/\/schema.org","@graph":[{"@type":"WebPage","@id":"https:\/\/lamizenkova.com\/privacy-policy-2\/","url":"https:\/\/lamizenkova.com\/privacy-policy-2\/","name":"PRIVACY POLICY - LaMizenkova","isPartOf":{"@id":"https:\/\/lamizenkova.com\/sk\/#website"},"datePublished":"2020-03-16T12:23:50+00:00","dateModified":"2020-03-16T12:25:17+00:00","description":"Maria Mizenkova. Makeup artist, hairstylist, beauty consultant. I believe in a natural and healthy beauty, respectful with the environment. The passion for my work as a beauty professional drives me to accompany people to explore the best version of themselves, to create an image-based in a conscious and real self-care.","breadcrumb":{"@id":"https:\/\/lamizenkova.com\/privacy-policy-2\/#breadcrumb"},"inLanguage":"sk-SK","potentialAction":[{"@type":"ReadAction","target":["https:\/\/lamizenkova.com\/privacy-policy-2\/"]}]},{"@type":"BreadcrumbList","@id":"https:\/\/lamizenkova.com\/privacy-policy-2\/#breadcrumb","itemListElement":[{"@type":"ListItem","position":1,"name":"Home","item":"https:\/\/lamizenkova.com\/"},{"@type":"ListItem","position":2,"name":"PRIVACY POLICY"}]},{"@type":"WebSite","@id":"https:\/\/lamizenkova.com\/sk\/#website","url":"https:\/\/lamizenkova.com\/sk\/","name":"LaMizenkova","description":"Health and beauty","publisher":{"@id":"https:\/\/lamizenkova.com\/sk\/#organization"},"potentialAction":[{"@type":"SearchAction","target":{"@type":"EntryPoint","urlTemplate":"https:\/\/lamizenkova.com\/sk\/?s={search_term_string}"},"query-input":{"@type":"PropertyValueSpecification","valueRequired":true,"valueName":"search_term_string"}}],"inLanguage":"sk-SK"},{"@type":"Organization","@id":"https:\/\/lamizenkova.com\/sk\/#organization","name":"LaMIZENKOVA","url":"https:\/\/lamizenkova.com\/sk\/","logo":{"@type":"ImageObject","inLanguage":"sk-SK","@id":"https:\/\/lamizenkova.com\/sk\/#\/schema\/logo\/image\/","url":"","contentUrl":"","caption":"LaMIZENKOVA"},"image":{"@id":"https:\/\/lamizenkova.com\/sk\/#\/schema\/logo\/image\/"},"sameAs":["https:\/\/www.facebook.com\/lamizenkova\/","https:\/\/www.instagram.com\/lamizenkova\/","https:\/\/www.linkedin.com\/in\/lamizenkova\/","https:\/\/www.youtube.com\/channel\/UCm4WFW9dHhdNZGMg_fiHWEw"]}]}},"jetpack_sharing_enabled":true,"_links":{"self":[{"href":"https:\/\/lamizenkova.com\/sk\/wp-json\/wp\/v2\/pages\/598","targetHints":{"allow":["GET"]}}],"collection":[{"href":"https:\/\/lamizenkova.com\/sk\/wp-json\/wp\/v2\/pages"}],"about":[{"href":"https:\/\/lamizenkova.com\/sk\/wp-json\/wp\/v2\/types\/page"}],"author":[{"embeddable":true,"href":"https:\/\/lamizenkova.com\/sk\/wp-json\/wp\/v2\/users\/1"}],"replies":[{"embeddable":true,"href":"https:\/\/lamizenkova.com\/sk\/wp-json\/wp\/v2\/comments?post=598"}],"version-history":[{"count":3,"href":"https:\/\/lamizenkova.com\/sk\/wp-json\/wp\/v2\/pages\/598\/revisions"}],"predecessor-version":[{"id":601,"href":"https:\/\/lamizenkova.com\/sk\/wp-json\/wp\/v2\/pages\/598\/revisions\/601"}],"wp:attachment":[{"href":"https:\/\/lamizenkova.com\/sk\/wp-json\/wp\/v2\/media?parent=598"}],"curies":[{"name":"wp","href":"https:\/\/api.w.org\/{rel}","templated":true}]}}