{"id":593,"date":"2020-03-16T13:17:32","date_gmt":"2020-03-16T12:17:32","guid":{"rendered":"http:\/\/lamizenkova.com\/?page_id=593"},"modified":"2020-09-24T22:49:36","modified_gmt":"2020-09-24T20:49:36","slug":"copyright-notice-2","status":"publish","type":"page","link":"https:\/\/lamizenkova.com\/sk\/copyright-notice-2\/","title":{"rendered":"COPYRIGHT NOTICE"},"content":{"rendered":"<div data-elementor-type=\"wp-page\" data-elementor-id=\"593\" class=\"elementor elementor-593\">\n\t\t\t\t\t\t<section class=\"elementor-section elementor-top-section elementor-element elementor-element-14cda74 elementor-section-boxed elementor-section-height-default elementor-section-height-default\" data-id=\"14cda74\" data-element_type=\"section\" data-e-type=\"section\">\n\t\t\t\t\t\t<div class=\"elementor-container elementor-column-gap-default\">\n\t\t\t\t\t<div class=\"elementor-column elementor-col-100 elementor-top-column elementor-element elementor-element-3520d7c\" data-id=\"3520d7c\" data-element_type=\"column\" data-e-type=\"column\">\n\t\t\t<div class=\"elementor-widget-wrap elementor-element-populated\">\n\t\t\t\t\t\t<div class=\"elementor-element elementor-element-a9c20d1 elementor-widget elementor-widget-spacer\" data-id=\"a9c20d1\" data-element_type=\"widget\" data-e-type=\"widget\" data-widget_type=\"spacer.default\">\n\t\t\t\t<div class=\"elementor-widget-container\">\n\t\t\t\t\t\t\t<div class=\"elementor-spacer\">\n\t\t\t<div class=\"elementor-spacer-inner\"><\/div>\n\t\t<\/div>\n\t\t\t\t\t\t<\/div>\n\t\t\t\t<\/div>\n\t\t\t\t\t<\/div>\n\t\t<\/div>\n\t\t\t\t\t<\/div>\n\t\t<\/section>\n\t\t\t\t<section class=\"elementor-section elementor-top-section elementor-element elementor-element-2b33dcd elementor-section-boxed elementor-section-height-default elementor-section-height-default\" data-id=\"2b33dcd\" data-element_type=\"section\" data-e-type=\"section\">\n\t\t\t\t\t\t<div class=\"elementor-container elementor-column-gap-default\">\n\t\t\t\t\t<div class=\"elementor-column elementor-col-100 elementor-top-column elementor-element elementor-element-3cd894b\" data-id=\"3cd894b\" data-element_type=\"column\" data-e-type=\"column\">\n\t\t\t<div class=\"elementor-widget-wrap elementor-element-populated\">\n\t\t\t\t\t\t<div class=\"elementor-element elementor-element-dbf6d59 elementor-widget elementor-widget-heading\" data-id=\"dbf6d59\" data-element_type=\"widget\" data-e-type=\"widget\" data-widget_type=\"heading.default\">\n\t\t\t\t<div class=\"elementor-widget-container\">\n\t\t\t\t\t<h2 class=\"elementor-heading-title elementor-size-default\">COPYRIGHT NOTICE<\/h2>\t\t\t\t<\/div>\n\t\t\t\t<\/div>\n\t\t\t\t\t<\/div>\n\t\t<\/div>\n\t\t\t\t\t<\/div>\n\t\t<\/section>\n\t\t\t\t<section class=\"elementor-section elementor-top-section elementor-element elementor-element-5152479 elementor-section-boxed elementor-section-height-default elementor-section-height-default\" data-id=\"5152479\" data-element_type=\"section\" data-e-type=\"section\">\n\t\t\t\t\t\t<div class=\"elementor-container elementor-column-gap-default\">\n\t\t\t\t\t<div class=\"elementor-column elementor-col-100 elementor-top-column elementor-element elementor-element-380cb58\" data-id=\"380cb58\" data-element_type=\"column\" data-e-type=\"column\">\n\t\t\t<div class=\"elementor-widget-wrap elementor-element-populated\">\n\t\t\t\t\t\t<div class=\"elementor-element elementor-element-2ba86e8 elementor-widget elementor-widget-spacer\" data-id=\"2ba86e8\" data-element_type=\"widget\" data-e-type=\"widget\" data-widget_type=\"spacer.default\">\n\t\t\t\t<div class=\"elementor-widget-container\">\n\t\t\t\t\t\t\t<div class=\"elementor-spacer\">\n\t\t\t<div class=\"elementor-spacer-inner\"><\/div>\n\t\t<\/div>\n\t\t\t\t\t\t<\/div>\n\t\t\t\t<\/div>\n\t\t\t\t\t<\/div>\n\t\t<\/div>\n\t\t\t\t\t<\/div>\n\t\t<\/section>\n\t\t\t\t<section class=\"elementor-section elementor-top-section elementor-element elementor-element-ea2420d elementor-section-stretched elementor-section-boxed elementor-section-height-default elementor-section-height-default\" data-id=\"ea2420d\" data-element_type=\"section\" data-e-type=\"section\" data-settings=\"{&quot;stretch_section&quot;:&quot;section-stretched&quot;}\">\n\t\t\t\t\t\t<div class=\"elementor-container elementor-column-gap-default\">\n\t\t\t\t\t<div class=\"elementor-column elementor-col-100 elementor-top-column elementor-element elementor-element-d0b44f5\" data-id=\"d0b44f5\" data-element_type=\"column\" data-e-type=\"column\">\n\t\t\t<div class=\"elementor-widget-wrap elementor-element-populated\">\n\t\t\t\t\t\t<div class=\"elementor-element elementor-element-b28b491 elementor-widget elementor-widget-text-editor\" data-id=\"b28b491\" data-element_type=\"widget\" data-e-type=\"widget\" data-widget_type=\"text-editor.default\">\n\t\t\t\t<div class=\"elementor-widget-container\">\n\t\t\t\t\t\t\t\t\t<p>This website and its content is copyright of\u00a0<em>LaMizenkova<\/em>\u00a0&#8211; \u00a9\u00a0<em>LaMizenkova<\/em>\u00a02020. All rights reserved.<\/p><p>Any redistribution or reproduction of part or all of the contents in any form is prohibited other than the following:<\/p><ul><li>You may print or download to a local hard disk extracts for your personal and non-commercial use only<\/li><li>You may copy the content to individual third parties for their personal use, but only if you acknowledge the website as the source of the material<\/li><\/ul><p>You may not, except with our express written permission, distribute or commercially exploit the content. Nor may you transmit it or store it in any other website or other form of electronic retrieval system.<\/p><p><\/p>\t\t\t\t\t\t\t\t<\/div>\n\t\t\t\t<\/div>\n\t\t\t\t\t<\/div>\n\t\t<\/div>\n\t\t\t\t\t<\/div>\n\t\t<\/section>\n\t\t\t\t<section class=\"elementor-section elementor-top-section elementor-element elementor-element-370150b elementor-section-boxed elementor-section-height-default elementor-section-height-default\" data-id=\"370150b\" data-element_type=\"section\" data-e-type=\"section\">\n\t\t\t\t\t\t<div class=\"elementor-container elementor-column-gap-default\">\n\t\t\t\t\t<div class=\"elementor-column elementor-col-100 elementor-top-column elementor-element elementor-element-b8ec445\" data-id=\"b8ec445\" data-element_type=\"column\" data-e-type=\"column\">\n\t\t\t<div class=\"elementor-widget-wrap elementor-element-populated\">\n\t\t\t\t\t\t<div class=\"elementor-element elementor-element-12c1e93 elementor-widget elementor-widget-spacer\" data-id=\"12c1e93\" data-element_type=\"widget\" data-e-type=\"widget\" data-widget_type=\"spacer.default\">\n\t\t\t\t<div class=\"elementor-widget-container\">\n\t\t\t\t\t\t\t<div class=\"elementor-spacer\">\n\t\t\t<div class=\"elementor-spacer-inner\"><\/div>\n\t\t<\/div>\n\t\t\t\t\t\t<\/div>\n\t\t\t\t<\/div>\n\t\t\t\t\t<\/div>\n\t\t<\/div>\n\t\t\t\t\t<\/div>\n\t\t<\/section>\n\t\t\t\t<\/div>","protected":false},"excerpt":{"rendered":"<p>COPYRIGHT NOTICE This website and its content is copyright of&nbsp;LaMizenkova&nbsp;&#8211; \u00a9&nbsp;LaMizenkova&nbsp;2020. All rights reserved. Any redistribution or reproduction of part or all of the contents in any form is prohibited other than the following: You may print or download to a local hard disk extracts for your personal and non-commercial [&hellip;]<\/p>\n","protected":false},"author":1,"featured_media":0,"parent":0,"menu_order":0,"comment_status":"closed","ping_status":"closed","template":"","meta":{"om_disable_all_campaigns":false,"_monsterinsights_skip_tracking":false,"_monsterinsights_sitenote_active":false,"_monsterinsights_sitenote_note":"","_monsterinsights_sitenote_category":0,"ngg_post_thumbnail":0,"footnotes":""},"class_list":["post-593","page","type-page","status-publish","hentry"],"yoast_head":"<!-- This site is optimized with the Yoast SEO plugin v27.4 - https:\/\/yoast.com\/product\/yoast-seo-wordpress\/ -->\n<title>COPYRIGHT NOTICE - LaMizenkova<\/title>\n<meta name=\"description\" content=\"Maria Mizenkova. Makeup artist, hairstylist, beauty consultant. I believe in a natural and healthy beauty, respectful with the environment. The passion for my work as a beauty professional drives me to accompany people to explore the best version of themselves, to create an image-based in a conscious and real self-care.\" \/>\n<meta name=\"robots\" content=\"index, follow, max-snippet:-1, max-image-preview:large, max-video-preview:-1\" \/>\n<link rel=\"canonical\" href=\"https:\/\/lamizenkova.com\/sk\/copyright-notice-2\/\" \/>\n<meta property=\"og:locale\" content=\"sk_SK\" \/>\n<meta property=\"og:type\" content=\"article\" \/>\n<meta property=\"og:title\" content=\"COPYRIGHT NOTICE - LaMizenkova\" \/>\n<meta property=\"og:description\" content=\"Maria Mizenkova. Makeup artist, hairstylist, beauty consultant. I believe in a natural and healthy beauty, respectful with the environment. The passion for my work as a beauty professional drives me to accompany people to explore the best version of themselves, to create an image-based in a conscious and real self-care.\" \/>\n<meta property=\"og:url\" content=\"https:\/\/lamizenkova.com\/sk\/copyright-notice-2\/\" \/>\n<meta property=\"og:site_name\" content=\"LaMizenkova\" \/>\n<meta property=\"article:publisher\" content=\"https:\/\/www.facebook.com\/lamizenkova\/\" \/>\n<meta property=\"article:modified_time\" content=\"2020-09-24T20:49:36+00:00\" \/>\n<meta name=\"twitter:card\" content=\"summary_large_image\" \/>\n<meta name=\"twitter:label1\" content=\"Predpokladan\u00fd \u010das \u010d\u00edtania\" \/>\n\t<meta name=\"twitter:data1\" content=\"1 min\u00fata\" \/>\n<script type=\"application\/ld+json\" class=\"yoast-schema-graph\">{\"@context\":\"https:\\\/\\\/schema.org\",\"@graph\":[{\"@type\":\"WebPage\",\"@id\":\"https:\\\/\\\/lamizenkova.com\\\/sk\\\/copyright-notice-2\\\/\",\"url\":\"https:\\\/\\\/lamizenkova.com\\\/sk\\\/copyright-notice-2\\\/\",\"name\":\"COPYRIGHT NOTICE - LaMizenkova\",\"isPartOf\":{\"@id\":\"https:\\\/\\\/lamizenkova.com\\\/sk\\\/#website\"},\"datePublished\":\"2020-03-16T12:17:32+00:00\",\"dateModified\":\"2020-09-24T20:49:36+00:00\",\"description\":\"Maria Mizenkova. Makeup artist, hairstylist, beauty consultant. I believe in a natural and healthy beauty, respectful with the environment. The passion for my work as a beauty professional drives me to accompany people to explore the best version of themselves, to create an image-based in a conscious and real self-care.\",\"breadcrumb\":{\"@id\":\"https:\\\/\\\/lamizenkova.com\\\/sk\\\/copyright-notice-2\\\/#breadcrumb\"},\"inLanguage\":\"sk-SK\",\"potentialAction\":[{\"@type\":\"ReadAction\",\"target\":[\"https:\\\/\\\/lamizenkova.com\\\/sk\\\/copyright-notice-2\\\/\"]}]},{\"@type\":\"BreadcrumbList\",\"@id\":\"https:\\\/\\\/lamizenkova.com\\\/sk\\\/copyright-notice-2\\\/#breadcrumb\",\"itemListElement\":[{\"@type\":\"ListItem\",\"position\":1,\"name\":\"Home\",\"item\":\"https:\\\/\\\/lamizenkova.com\\\/\"},{\"@type\":\"ListItem\",\"position\":2,\"name\":\"COPYRIGHT NOTICE\"}]},{\"@type\":\"WebSite\",\"@id\":\"https:\\\/\\\/lamizenkova.com\\\/sk\\\/#website\",\"url\":\"https:\\\/\\\/lamizenkova.com\\\/sk\\\/\",\"name\":\"LaMizenkova\",\"description\":\"Health and beauty\",\"publisher\":{\"@id\":\"https:\\\/\\\/lamizenkova.com\\\/sk\\\/#organization\"},\"potentialAction\":[{\"@type\":\"SearchAction\",\"target\":{\"@type\":\"EntryPoint\",\"urlTemplate\":\"https:\\\/\\\/lamizenkova.com\\\/sk\\\/?s={search_term_string}\"},\"query-input\":{\"@type\":\"PropertyValueSpecification\",\"valueRequired\":true,\"valueName\":\"search_term_string\"}}],\"inLanguage\":\"sk-SK\"},{\"@type\":\"Organization\",\"@id\":\"https:\\\/\\\/lamizenkova.com\\\/sk\\\/#organization\",\"name\":\"LaMIZENKOVA\",\"url\":\"https:\\\/\\\/lamizenkova.com\\\/sk\\\/\",\"logo\":{\"@type\":\"ImageObject\",\"inLanguage\":\"sk-SK\",\"@id\":\"https:\\\/\\\/lamizenkova.com\\\/sk\\\/#\\\/schema\\\/logo\\\/image\\\/\",\"url\":\"\",\"contentUrl\":\"\",\"caption\":\"LaMIZENKOVA\"},\"image\":{\"@id\":\"https:\\\/\\\/lamizenkova.com\\\/sk\\\/#\\\/schema\\\/logo\\\/image\\\/\"},\"sameAs\":[\"https:\\\/\\\/www.facebook.com\\\/lamizenkova\\\/\",\"https:\\\/\\\/www.instagram.com\\\/lamizenkova\\\/\",\"https:\\\/\\\/www.linkedin.com\\\/in\\\/lamizenkova\\\/\",\"https:\\\/\\\/www.youtube.com\\\/channel\\\/UCm4WFW9dHhdNZGMg_fiHWEw\"]}]}<\/script>\n<!-- \/ Yoast SEO plugin. -->","yoast_head_json":{"title":"COPYRIGHT NOTICE - LaMizenkova","description":"Maria Mizenkova. Makeup artist, hairstylist, beauty consultant. I believe in a natural and healthy beauty, respectful with the environment. The passion for my work as a beauty professional drives me to accompany people to explore the best version of themselves, to create an image-based in a conscious and real self-care.","robots":{"index":"index","follow":"follow","max-snippet":"max-snippet:-1","max-image-preview":"max-image-preview:large","max-video-preview":"max-video-preview:-1"},"canonical":"https:\/\/lamizenkova.com\/sk\/copyright-notice-2\/","og_locale":"sk_SK","og_type":"article","og_title":"COPYRIGHT NOTICE - LaMizenkova","og_description":"Maria Mizenkova. Makeup artist, hairstylist, beauty consultant. I believe in a natural and healthy beauty, respectful with the environment. The passion for my work as a beauty professional drives me to accompany people to explore the best version of themselves, to create an image-based in a conscious and real self-care.","og_url":"https:\/\/lamizenkova.com\/sk\/copyright-notice-2\/","og_site_name":"LaMizenkova","article_publisher":"https:\/\/www.facebook.com\/lamizenkova\/","article_modified_time":"2020-09-24T20:49:36+00:00","twitter_card":"summary_large_image","twitter_misc":{"Predpokladan\u00fd \u010das \u010d\u00edtania":"1 min\u00fata"},"schema":{"@context":"https:\/\/schema.org","@graph":[{"@type":"WebPage","@id":"https:\/\/lamizenkova.com\/sk\/copyright-notice-2\/","url":"https:\/\/lamizenkova.com\/sk\/copyright-notice-2\/","name":"COPYRIGHT NOTICE - LaMizenkova","isPartOf":{"@id":"https:\/\/lamizenkova.com\/sk\/#website"},"datePublished":"2020-03-16T12:17:32+00:00","dateModified":"2020-09-24T20:49:36+00:00","description":"Maria Mizenkova. Makeup artist, hairstylist, beauty consultant. I believe in a natural and healthy beauty, respectful with the environment. The passion for my work as a beauty professional drives me to accompany people to explore the best version of themselves, to create an image-based in a conscious and real self-care.","breadcrumb":{"@id":"https:\/\/lamizenkova.com\/sk\/copyright-notice-2\/#breadcrumb"},"inLanguage":"sk-SK","potentialAction":[{"@type":"ReadAction","target":["https:\/\/lamizenkova.com\/sk\/copyright-notice-2\/"]}]},{"@type":"BreadcrumbList","@id":"https:\/\/lamizenkova.com\/sk\/copyright-notice-2\/#breadcrumb","itemListElement":[{"@type":"ListItem","position":1,"name":"Home","item":"https:\/\/lamizenkova.com\/"},{"@type":"ListItem","position":2,"name":"COPYRIGHT NOTICE"}]},{"@type":"WebSite","@id":"https:\/\/lamizenkova.com\/sk\/#website","url":"https:\/\/lamizenkova.com\/sk\/","name":"LaMizenkova","description":"Health and beauty","publisher":{"@id":"https:\/\/lamizenkova.com\/sk\/#organization"},"potentialAction":[{"@type":"SearchAction","target":{"@type":"EntryPoint","urlTemplate":"https:\/\/lamizenkova.com\/sk\/?s={search_term_string}"},"query-input":{"@type":"PropertyValueSpecification","valueRequired":true,"valueName":"search_term_string"}}],"inLanguage":"sk-SK"},{"@type":"Organization","@id":"https:\/\/lamizenkova.com\/sk\/#organization","name":"LaMIZENKOVA","url":"https:\/\/lamizenkova.com\/sk\/","logo":{"@type":"ImageObject","inLanguage":"sk-SK","@id":"https:\/\/lamizenkova.com\/sk\/#\/schema\/logo\/image\/","url":"","contentUrl":"","caption":"LaMIZENKOVA"},"image":{"@id":"https:\/\/lamizenkova.com\/sk\/#\/schema\/logo\/image\/"},"sameAs":["https:\/\/www.facebook.com\/lamizenkova\/","https:\/\/www.instagram.com\/lamizenkova\/","https:\/\/www.linkedin.com\/in\/lamizenkova\/","https:\/\/www.youtube.com\/channel\/UCm4WFW9dHhdNZGMg_fiHWEw"]}]}},"jetpack_sharing_enabled":true,"_links":{"self":[{"href":"https:\/\/lamizenkova.com\/sk\/wp-json\/wp\/v2\/pages\/593","targetHints":{"allow":["GET"]}}],"collection":[{"href":"https:\/\/lamizenkova.com\/sk\/wp-json\/wp\/v2\/pages"}],"about":[{"href":"https:\/\/lamizenkova.com\/sk\/wp-json\/wp\/v2\/types\/page"}],"author":[{"embeddable":true,"href":"https:\/\/lamizenkova.com\/sk\/wp-json\/wp\/v2\/users\/1"}],"replies":[{"embeddable":true,"href":"https:\/\/lamizenkova.com\/sk\/wp-json\/wp\/v2\/comments?post=593"}],"version-history":[{"count":4,"href":"https:\/\/lamizenkova.com\/sk\/wp-json\/wp\/v2\/pages\/593\/revisions"}],"predecessor-version":[{"id":938,"href":"https:\/\/lamizenkova.com\/sk\/wp-json\/wp\/v2\/pages\/593\/revisions\/938"}],"wp:attachment":[{"href":"https:\/\/lamizenkova.com\/sk\/wp-json\/wp\/v2\/media?parent=593"}],"curies":[{"name":"wp","href":"https:\/\/api.w.org\/{rel}","templated":true}]}}