{"id":263,"date":"2020-03-09T11:43:51","date_gmt":"2020-03-09T10:43:51","guid":{"rendered":"http:\/\/lamizenkova.com\/?page_id=263"},"modified":"2020-04-12T19:32:42","modified_gmt":"2020-04-12T17:32:42","slug":"makeup","status":"publish","type":"page","link":"https:\/\/lamizenkova.com\/sk\/makeup\/","title":{"rendered":"PROFESSIONAL MAKEUP"},"content":{"rendered":"<div data-elementor-type=\"wp-page\" data-elementor-id=\"263\" class=\"elementor elementor-263\">\n\t\t\t\t\t\t<section class=\"elementor-section elementor-top-section elementor-element elementor-element-14cda74 elementor-section-boxed elementor-section-height-default elementor-section-height-default\" data-id=\"14cda74\" data-element_type=\"section\" data-e-type=\"section\">\n\t\t\t\t\t\t<div class=\"elementor-container elementor-column-gap-default\">\n\t\t\t\t\t<div class=\"elementor-column elementor-col-100 elementor-top-column elementor-element elementor-element-3520d7c\" data-id=\"3520d7c\" data-element_type=\"column\" data-e-type=\"column\">\n\t\t\t<div class=\"elementor-widget-wrap elementor-element-populated\">\n\t\t\t\t\t\t<div class=\"elementor-element elementor-element-a9c20d1 elementor-widget elementor-widget-spacer\" data-id=\"a9c20d1\" data-element_type=\"widget\" data-e-type=\"widget\" data-widget_type=\"spacer.default\">\n\t\t\t\t<div class=\"elementor-widget-container\">\n\t\t\t\t\t\t\t<div class=\"elementor-spacer\">\n\t\t\t<div class=\"elementor-spacer-inner\"><\/div>\n\t\t<\/div>\n\t\t\t\t\t\t<\/div>\n\t\t\t\t<\/div>\n\t\t\t\t\t<\/div>\n\t\t<\/div>\n\t\t\t\t\t<\/div>\n\t\t<\/section>\n\t\t\t\t<section class=\"elementor-section elementor-top-section elementor-element elementor-element-2b33dcd elementor-section-boxed elementor-section-height-default elementor-section-height-default\" data-id=\"2b33dcd\" data-element_type=\"section\" data-e-type=\"section\">\n\t\t\t\t\t\t<div class=\"elementor-container elementor-column-gap-default\">\n\t\t\t\t\t<div class=\"elementor-column elementor-col-100 elementor-top-column elementor-element elementor-element-3cd894b\" data-id=\"3cd894b\" data-element_type=\"column\" data-e-type=\"column\">\n\t\t\t<div class=\"elementor-widget-wrap elementor-element-populated\">\n\t\t\t\t\t\t<div class=\"elementor-element elementor-element-dbf6d59 elementor-widget elementor-widget-heading\" data-id=\"dbf6d59\" data-element_type=\"widget\" data-e-type=\"widget\" data-widget_type=\"heading.default\">\n\t\t\t\t<div class=\"elementor-widget-container\">\n\t\t\t\t\t<h2 class=\"elementor-heading-title elementor-size-default\">PROFESSIONAL MAKEUP<\/h2>\t\t\t\t<\/div>\n\t\t\t\t<\/div>\n\t\t\t\t\t<\/div>\n\t\t<\/div>\n\t\t\t\t\t<\/div>\n\t\t<\/section>\n\t\t\t\t<section class=\"elementor-section elementor-top-section elementor-element elementor-element-5152479 elementor-section-boxed elementor-section-height-default elementor-section-height-default\" data-id=\"5152479\" data-element_type=\"section\" data-e-type=\"section\">\n\t\t\t\t\t\t<div class=\"elementor-container elementor-column-gap-default\">\n\t\t\t\t\t<div class=\"elementor-column elementor-col-100 elementor-top-column elementor-element elementor-element-380cb58\" data-id=\"380cb58\" data-element_type=\"column\" data-e-type=\"column\">\n\t\t\t<div class=\"elementor-widget-wrap elementor-element-populated\">\n\t\t\t\t\t\t<div class=\"elementor-element elementor-element-2ba86e8 elementor-widget elementor-widget-spacer\" data-id=\"2ba86e8\" data-element_type=\"widget\" data-e-type=\"widget\" data-widget_type=\"spacer.default\">\n\t\t\t\t<div class=\"elementor-widget-container\">\n\t\t\t\t\t\t\t<div class=\"elementor-spacer\">\n\t\t\t<div class=\"elementor-spacer-inner\"><\/div>\n\t\t<\/div>\n\t\t\t\t\t\t<\/div>\n\t\t\t\t<\/div>\n\t\t\t\t\t<\/div>\n\t\t<\/div>\n\t\t\t\t\t<\/div>\n\t\t<\/section>\n\t\t\t\t<section class=\"elementor-section elementor-top-section elementor-element elementor-element-ea2420d elementor-section-stretched elementor-section-boxed elementor-section-height-default elementor-section-height-default\" data-id=\"ea2420d\" data-element_type=\"section\" data-e-type=\"section\" data-settings=\"{&quot;stretch_section&quot;:&quot;section-stretched&quot;}\">\n\t\t\t\t\t\t<div class=\"elementor-container elementor-column-gap-default\">\n\t\t\t\t\t<div class=\"elementor-column elementor-col-100 elementor-top-column elementor-element elementor-element-d0b44f5\" data-id=\"d0b44f5\" data-element_type=\"column\" data-e-type=\"column\">\n\t\t\t<div class=\"elementor-widget-wrap elementor-element-populated\">\n\t\t\t\t\t\t<div class=\"elementor-element elementor-element-b28b491 elementor-widget elementor-widget-text-editor\" data-id=\"b28b491\" data-element_type=\"widget\" data-e-type=\"widget\" data-widget_type=\"text-editor.default\">\n\t\t\t\t<div class=\"elementor-widget-container\">\n\t\t\t\t\t\t\t\t\t<p>At <em>LaMIZENKOVA<\/em> we seek to make the moment of makeup a memorable experience. <strong>We look at the person, the smile, the gaze, the essence<\/strong>&#8230; and then explore, through color, form and style, that characterization that we want to develop. We seek to transmit tranquility and harmony to this short but sincere artistic moment, reflecting our best knowledge in all the projects, events or relationships that we build.<\/p><p><strong>We analyze our projects in a holistic way<\/strong>, where we work in concepts such as the face shape, the hairstyle, the clothing and the style. We take this inspiration into a careful makeup process, always seeking to protect the health of the skin through a stimulating facial massage and the use of natural and conscious products. For us, the most important thing is to understand what our clients are and feel, and then help them to explore the best version of them.<\/p>\t\t\t\t\t\t\t\t<\/div>\n\t\t\t\t<\/div>\n\t\t\t\t\t<\/div>\n\t\t<\/div>\n\t\t\t\t\t<\/div>\n\t\t<\/section>\n\t\t\t\t<section class=\"elementor-section elementor-top-section elementor-element elementor-element-7a49ab7 elementor-section-stretched elementor-section-boxed elementor-section-height-default elementor-section-height-default\" data-id=\"7a49ab7\" data-element_type=\"section\" data-e-type=\"section\" data-settings=\"{&quot;stretch_section&quot;:&quot;section-stretched&quot;}\">\n\t\t\t\t\t\t<div class=\"elementor-container elementor-column-gap-default\">\n\t\t\t\t\t<div class=\"elementor-column elementor-col-100 elementor-top-column elementor-element elementor-element-8e4f19e\" data-id=\"8e4f19e\" data-element_type=\"column\" data-e-type=\"column\">\n\t\t\t<div class=\"elementor-widget-wrap elementor-element-populated\">\n\t\t\t\t\t\t<section class=\"elementor-section elementor-inner-section elementor-element elementor-element-cb5b447 elementor-section-boxed elementor-section-height-default elementor-section-height-default\" data-id=\"cb5b447\" data-element_type=\"section\" data-e-type=\"section\">\n\t\t\t\t\t\t<div class=\"elementor-container elementor-column-gap-default\">\n\t\t\t\t\t<div class=\"elementor-column elementor-col-50 elementor-inner-column elementor-element elementor-element-021e588\" data-id=\"021e588\" data-element_type=\"column\" data-e-type=\"column\">\n\t\t\t<div class=\"elementor-widget-wrap elementor-element-populated\">\n\t\t\t\t\t\t<div class=\"elementor-element elementor-element-0e7fde2 elementor-widget elementor-widget-image\" data-id=\"0e7fde2\" data-element_type=\"widget\" data-e-type=\"widget\" data-widget_type=\"image.default\">\n\t\t\t\t<div class=\"elementor-widget-container\">\n\t\t\t\t\t\t\t\t\t\t\t\t\t\t\t<img fetchpriority=\"high\" decoding=\"async\" width=\"683\" height=\"1024\" src=\"https:\/\/i0.wp.com\/lamizenkova.com\/wp-content\/uploads\/2020\/03\/Magazine_ELTESORO_07-scaled.jpg?fit=683%2C1024&amp;ssl=1\" class=\"attachment-large size-large wp-image-319\" alt=\"Magazine EL TESORO _ Medellin\" srcset=\"https:\/\/i0.wp.com\/lamizenkova.com\/wp-content\/uploads\/2020\/03\/Magazine_ELTESORO_07-scaled.jpg?w=1709&amp;ssl=1 1709w, https:\/\/i0.wp.com\/lamizenkova.com\/wp-content\/uploads\/2020\/03\/Magazine_ELTESORO_07-scaled.jpg?resize=200%2C300&amp;ssl=1 200w, https:\/\/i0.wp.com\/lamizenkova.com\/wp-content\/uploads\/2020\/03\/Magazine_ELTESORO_07-scaled.jpg?resize=683%2C1024&amp;ssl=1 683w, https:\/\/i0.wp.com\/lamizenkova.com\/wp-content\/uploads\/2020\/03\/Magazine_ELTESORO_07-scaled.jpg?resize=768%2C1151&amp;ssl=1 768w, https:\/\/i0.wp.com\/lamizenkova.com\/wp-content\/uploads\/2020\/03\/Magazine_ELTESORO_07-scaled.jpg?resize=1025%2C1536&amp;ssl=1 1025w, https:\/\/i0.wp.com\/lamizenkova.com\/wp-content\/uploads\/2020\/03\/Magazine_ELTESORO_07-scaled.jpg?resize=1367%2C2048&amp;ssl=1 1367w, https:\/\/i0.wp.com\/lamizenkova.com\/wp-content\/uploads\/2020\/03\/Magazine_ELTESORO_07-scaled.jpg?w=1500&amp;ssl=1 1500w\" sizes=\"(max-width: 683px) 100vw, 683px\" \/>\t\t\t\t\t\t\t\t\t\t\t\t\t\t\t<\/div>\n\t\t\t\t<\/div>\n\t\t\t\t\t<\/div>\n\t\t<\/div>\n\t\t\t\t<div class=\"elementor-column elementor-col-50 elementor-inner-column elementor-element elementor-element-8edf0c8\" data-id=\"8edf0c8\" data-element_type=\"column\" data-e-type=\"column\">\n\t\t\t<div class=\"elementor-widget-wrap elementor-element-populated\">\n\t\t\t\t\t\t<div class=\"elementor-element elementor-element-9920f02 elementor-widget elementor-widget-image\" data-id=\"9920f02\" data-element_type=\"widget\" data-e-type=\"widget\" data-widget_type=\"image.default\">\n\t\t\t\t<div class=\"elementor-widget-container\">\n\t\t\t\t\t\t\t\t\t\t\t\t\t\t\t<img decoding=\"async\" width=\"667\" height=\"1000\" src=\"https:\/\/i0.wp.com\/lamizenkova.com\/wp-content\/uploads\/2020\/03\/Editorial-ALDEA-GLOBAL-_-Osvaldo-Panton-04.jpg?fit=667%2C1000&amp;ssl=1\" class=\"attachment-large size-large wp-image-333\" alt=\"Editorial ALDEA GLOBAL _ Osvaldo Panton\" srcset=\"https:\/\/i0.wp.com\/lamizenkova.com\/wp-content\/uploads\/2020\/03\/Editorial-ALDEA-GLOBAL-_-Osvaldo-Panton-04.jpg?w=667&amp;ssl=1 667w, https:\/\/i0.wp.com\/lamizenkova.com\/wp-content\/uploads\/2020\/03\/Editorial-ALDEA-GLOBAL-_-Osvaldo-Panton-04.jpg?resize=200%2C300&amp;ssl=1 200w\" sizes=\"(max-width: 667px) 100vw, 667px\" \/>\t\t\t\t\t\t\t\t\t\t\t\t\t\t\t<\/div>\n\t\t\t\t<\/div>\n\t\t\t\t\t<\/div>\n\t\t<\/div>\n\t\t\t\t\t<\/div>\n\t\t<\/section>\n\t\t\t\t\t<\/div>\n\t\t<\/div>\n\t\t\t\t\t<\/div>\n\t\t<\/section>\n\t\t\t\t<section class=\"elementor-section elementor-top-section elementor-element elementor-element-4f9b1e4 elementor-section-stretched elementor-section-boxed elementor-section-height-default elementor-section-height-default\" data-id=\"4f9b1e4\" data-element_type=\"section\" data-e-type=\"section\" data-settings=\"{&quot;stretch_section&quot;:&quot;section-stretched&quot;}\">\n\t\t\t\t\t\t<div class=\"elementor-container elementor-column-gap-default\">\n\t\t\t\t\t<div class=\"elementor-column elementor-col-100 elementor-top-column elementor-element elementor-element-1ee2d58\" data-id=\"1ee2d58\" data-element_type=\"column\" data-e-type=\"column\">\n\t\t\t<div class=\"elementor-widget-wrap elementor-element-populated\">\n\t\t\t\t\t\t<section class=\"elementor-section elementor-inner-section elementor-element elementor-element-17d01a8 elementor-section-boxed elementor-section-height-default elementor-section-height-default\" data-id=\"17d01a8\" data-element_type=\"section\" data-e-type=\"section\">\n\t\t\t\t\t\t<div class=\"elementor-container elementor-column-gap-default\">\n\t\t\t\t\t<div class=\"elementor-column elementor-col-50 elementor-inner-column elementor-element elementor-element-c025a19\" data-id=\"c025a19\" data-element_type=\"column\" data-e-type=\"column\">\n\t\t\t<div class=\"elementor-widget-wrap elementor-element-populated\">\n\t\t\t\t\t\t<div class=\"elementor-element elementor-element-00438df elementor-widget elementor-widget-image\" data-id=\"00438df\" data-element_type=\"widget\" data-e-type=\"widget\" data-widget_type=\"image.default\">\n\t\t\t\t<div class=\"elementor-widget-container\">\n\t\t\t\t\t\t\t\t\t\t\t\t\t\t\t<img decoding=\"async\" width=\"683\" height=\"1024\" src=\"https:\/\/i0.wp.com\/lamizenkova.com\/wp-content\/uploads\/2020\/03\/Wedding_Maria_Luis_03.jpg?fit=683%2C1024&amp;ssl=1\" class=\"attachment-large size-large wp-image-507\" alt=\"Wedding Maria - Luis _ Colombia\" srcset=\"https:\/\/i0.wp.com\/lamizenkova.com\/wp-content\/uploads\/2020\/03\/Wedding_Maria_Luis_03.jpg?w=800&amp;ssl=1 800w, https:\/\/i0.wp.com\/lamizenkova.com\/wp-content\/uploads\/2020\/03\/Wedding_Maria_Luis_03.jpg?resize=200%2C300&amp;ssl=1 200w, https:\/\/i0.wp.com\/lamizenkova.com\/wp-content\/uploads\/2020\/03\/Wedding_Maria_Luis_03.jpg?resize=683%2C1024&amp;ssl=1 683w, https:\/\/i0.wp.com\/lamizenkova.com\/wp-content\/uploads\/2020\/03\/Wedding_Maria_Luis_03.jpg?resize=768%2C1152&amp;ssl=1 768w\" sizes=\"(max-width: 683px) 100vw, 683px\" \/>\t\t\t\t\t\t\t\t\t\t\t\t\t\t\t<\/div>\n\t\t\t\t<\/div>\n\t\t\t\t\t<\/div>\n\t\t<\/div>\n\t\t\t\t<div class=\"elementor-column elementor-col-50 elementor-inner-column elementor-element elementor-element-ec47027\" data-id=\"ec47027\" data-element_type=\"column\" data-e-type=\"column\">\n\t\t\t<div class=\"elementor-widget-wrap elementor-element-populated\">\n\t\t\t\t\t\t<div class=\"elementor-element elementor-element-4dde56c elementor-widget elementor-widget-image\" data-id=\"4dde56c\" data-element_type=\"widget\" data-e-type=\"widget\" data-widget_type=\"image.default\">\n\t\t\t\t<div class=\"elementor-widget-container\">\n\t\t\t\t\t\t\t\t\t\t\t\t\t\t\t<img loading=\"lazy\" decoding=\"async\" width=\"683\" height=\"1024\" src=\"https:\/\/i0.wp.com\/lamizenkova.com\/wp-content\/uploads\/2020\/03\/Wedding_Manuela_Andres_03-e1586712594220.jpg?fit=683%2C1024&amp;ssl=1\" class=\"attachment-large size-large wp-image-515\" alt=\"Wedding Manuela - Andres _ Colombia\" \/>\t\t\t\t\t\t\t\t\t\t\t\t\t\t\t<\/div>\n\t\t\t\t<\/div>\n\t\t\t\t\t<\/div>\n\t\t<\/div>\n\t\t\t\t\t<\/div>\n\t\t<\/section>\n\t\t\t\t\t<\/div>\n\t\t<\/div>\n\t\t\t\t\t<\/div>\n\t\t<\/section>\n\t\t\t\t<section class=\"elementor-section elementor-top-section elementor-element elementor-element-afa4968 elementor-section-boxed elementor-section-height-default elementor-section-height-default\" data-id=\"afa4968\" data-element_type=\"section\" data-e-type=\"section\">\n\t\t\t\t\t\t<div class=\"elementor-container elementor-column-gap-default\">\n\t\t\t\t\t<div class=\"elementor-column elementor-col-100 elementor-top-column elementor-element elementor-element-208740b\" data-id=\"208740b\" data-element_type=\"column\" data-e-type=\"column\">\n\t\t\t<div class=\"elementor-widget-wrap elementor-element-populated\">\n\t\t\t\t\t\t<div class=\"elementor-element elementor-element-7be401e elementor-widget elementor-widget-spacer\" data-id=\"7be401e\" data-element_type=\"widget\" data-e-type=\"widget\" data-widget_type=\"spacer.default\">\n\t\t\t\t<div class=\"elementor-widget-container\">\n\t\t\t\t\t\t\t<div class=\"elementor-spacer\">\n\t\t\t<div class=\"elementor-spacer-inner\"><\/div>\n\t\t<\/div>\n\t\t\t\t\t\t<\/div>\n\t\t\t\t<\/div>\n\t\t\t\t\t<\/div>\n\t\t<\/div>\n\t\t\t\t\t<\/div>\n\t\t<\/section>\n\t\t\t\t<\/div>","protected":false},"excerpt":{"rendered":"<p>PROFESSIONAL MAKEUP At LaMIZENKOVA we seek to make the moment of makeup a memorable experience. We look at the person, the smile, the gaze, the essence&#8230; and then explore, through color, form and style, that characterization that we want to develop. We seek to transmit tranquility and harmony to this [&hellip;]<\/p>\n","protected":false},"author":1,"featured_media":0,"parent":0,"menu_order":0,"comment_status":"closed","ping_status":"closed","template":"","meta":{"om_disable_all_campaigns":false,"_monsterinsights_skip_tracking":false,"_monsterinsights_sitenote_active":false,"_monsterinsights_sitenote_note":"","_monsterinsights_sitenote_category":0,"ngg_post_thumbnail":0,"footnotes":""},"class_list":["post-263","page","type-page","status-publish","hentry"],"yoast_head":"<!-- This site is optimized with the Yoast SEO plugin v27.4 - https:\/\/yoast.com\/product\/yoast-seo-wordpress\/ -->\n<title>PROFESSIONAL MAKEUP - LaMizenkova<\/title>\n<meta name=\"description\" content=\"Maria Mizenkova. Makeup artist, hairstylist, beauty consultant. I believe in a natural and healthy beauty, respectful with the environment. The passion for my work as a beauty professional drives me to accompany people to explore the best version of themselves, to create an image-based in a conscious and real self-care.\" \/>\n<meta name=\"robots\" content=\"index, follow, max-snippet:-1, max-image-preview:large, max-video-preview:-1\" \/>\n<link rel=\"canonical\" href=\"https:\/\/lamizenkova.com\/sk\/makeup\/\" \/>\n<meta property=\"og:locale\" content=\"sk_SK\" \/>\n<meta property=\"og:type\" content=\"article\" \/>\n<meta property=\"og:title\" content=\"PROFESSIONAL MAKEUP - LaMizenkova\" \/>\n<meta property=\"og:description\" content=\"Maria Mizenkova. Makeup artist, hairstylist, beauty consultant. I believe in a natural and healthy beauty, respectful with the environment. The passion for my work as a beauty professional drives me to accompany people to explore the best version of themselves, to create an image-based in a conscious and real self-care.\" \/>\n<meta property=\"og:url\" content=\"https:\/\/lamizenkova.com\/sk\/makeup\/\" \/>\n<meta property=\"og:site_name\" content=\"LaMizenkova\" \/>\n<meta property=\"article:publisher\" content=\"https:\/\/www.facebook.com\/lamizenkova\/\" \/>\n<meta property=\"article:modified_time\" content=\"2020-04-12T17:32:42+00:00\" \/>\n<meta property=\"og:image\" content=\"http:\/\/lamizenkova.com\/wp-content\/uploads\/2020\/03\/Magazine_ELTESORO_07-683x1024.jpg\" \/>\n<meta name=\"twitter:card\" content=\"summary_large_image\" \/>\n<meta name=\"twitter:label1\" content=\"Predpokladan\u00fd \u010das \u010d\u00edtania\" \/>\n\t<meta name=\"twitter:data1\" content=\"1 min\u00fata\" \/>\n<script type=\"application\/ld+json\" class=\"yoast-schema-graph\">{\"@context\":\"https:\\\/\\\/schema.org\",\"@graph\":[{\"@type\":\"WebPage\",\"@id\":\"https:\\\/\\\/lamizenkova.com\\\/makeup\\\/\",\"url\":\"https:\\\/\\\/lamizenkova.com\\\/makeup\\\/\",\"name\":\"PROFESSIONAL MAKEUP - LaMizenkova\",\"isPartOf\":{\"@id\":\"https:\\\/\\\/lamizenkova.com\\\/sk\\\/#website\"},\"primaryImageOfPage\":{\"@id\":\"https:\\\/\\\/lamizenkova.com\\\/makeup\\\/#primaryimage\"},\"image\":{\"@id\":\"https:\\\/\\\/lamizenkova.com\\\/makeup\\\/#primaryimage\"},\"thumbnailUrl\":\"https:\\\/\\\/lamizenkova.com\\\/wp-content\\\/uploads\\\/2020\\\/03\\\/Magazine_ELTESORO_07-683x1024.jpg\",\"datePublished\":\"2020-03-09T10:43:51+00:00\",\"dateModified\":\"2020-04-12T17:32:42+00:00\",\"description\":\"Maria Mizenkova. Makeup artist, hairstylist, beauty consultant. I believe in a natural and healthy beauty, respectful with the environment. The passion for my work as a beauty professional drives me to accompany people to explore the best version of themselves, to create an image-based in a conscious and real self-care.\",\"breadcrumb\":{\"@id\":\"https:\\\/\\\/lamizenkova.com\\\/makeup\\\/#breadcrumb\"},\"inLanguage\":\"sk-SK\",\"potentialAction\":[{\"@type\":\"ReadAction\",\"target\":[\"https:\\\/\\\/lamizenkova.com\\\/makeup\\\/\"]}]},{\"@type\":\"ImageObject\",\"inLanguage\":\"sk-SK\",\"@id\":\"https:\\\/\\\/lamizenkova.com\\\/makeup\\\/#primaryimage\",\"url\":\"https:\\\/\\\/lamizenkova.com\\\/wp-content\\\/uploads\\\/2020\\\/03\\\/Magazine_ELTESORO_07-683x1024.jpg\",\"contentUrl\":\"https:\\\/\\\/lamizenkova.com\\\/wp-content\\\/uploads\\\/2020\\\/03\\\/Magazine_ELTESORO_07-683x1024.jpg\"},{\"@type\":\"BreadcrumbList\",\"@id\":\"https:\\\/\\\/lamizenkova.com\\\/makeup\\\/#breadcrumb\",\"itemListElement\":[{\"@type\":\"ListItem\",\"position\":1,\"name\":\"Home\",\"item\":\"https:\\\/\\\/lamizenkova.com\\\/\"},{\"@type\":\"ListItem\",\"position\":2,\"name\":\"PROFESSIONAL MAKEUP\"}]},{\"@type\":\"WebSite\",\"@id\":\"https:\\\/\\\/lamizenkova.com\\\/sk\\\/#website\",\"url\":\"https:\\\/\\\/lamizenkova.com\\\/sk\\\/\",\"name\":\"LaMizenkova\",\"description\":\"Health and beauty\",\"publisher\":{\"@id\":\"https:\\\/\\\/lamizenkova.com\\\/sk\\\/#organization\"},\"potentialAction\":[{\"@type\":\"SearchAction\",\"target\":{\"@type\":\"EntryPoint\",\"urlTemplate\":\"https:\\\/\\\/lamizenkova.com\\\/sk\\\/?s={search_term_string}\"},\"query-input\":{\"@type\":\"PropertyValueSpecification\",\"valueRequired\":true,\"valueName\":\"search_term_string\"}}],\"inLanguage\":\"sk-SK\"},{\"@type\":\"Organization\",\"@id\":\"https:\\\/\\\/lamizenkova.com\\\/sk\\\/#organization\",\"name\":\"LaMIZENKOVA\",\"url\":\"https:\\\/\\\/lamizenkova.com\\\/sk\\\/\",\"logo\":{\"@type\":\"ImageObject\",\"inLanguage\":\"sk-SK\",\"@id\":\"https:\\\/\\\/lamizenkova.com\\\/sk\\\/#\\\/schema\\\/logo\\\/image\\\/\",\"url\":\"\",\"contentUrl\":\"\",\"caption\":\"LaMIZENKOVA\"},\"image\":{\"@id\":\"https:\\\/\\\/lamizenkova.com\\\/sk\\\/#\\\/schema\\\/logo\\\/image\\\/\"},\"sameAs\":[\"https:\\\/\\\/www.facebook.com\\\/lamizenkova\\\/\",\"https:\\\/\\\/www.instagram.com\\\/lamizenkova\\\/\",\"https:\\\/\\\/www.linkedin.com\\\/in\\\/lamizenkova\\\/\",\"https:\\\/\\\/www.youtube.com\\\/channel\\\/UCm4WFW9dHhdNZGMg_fiHWEw\"]}]}<\/script>\n<!-- \/ Yoast SEO plugin. -->","yoast_head_json":{"title":"PROFESSIONAL MAKEUP - LaMizenkova","description":"Maria Mizenkova. Makeup artist, hairstylist, beauty consultant. I believe in a natural and healthy beauty, respectful with the environment. The passion for my work as a beauty professional drives me to accompany people to explore the best version of themselves, to create an image-based in a conscious and real self-care.","robots":{"index":"index","follow":"follow","max-snippet":"max-snippet:-1","max-image-preview":"max-image-preview:large","max-video-preview":"max-video-preview:-1"},"canonical":"https:\/\/lamizenkova.com\/sk\/makeup\/","og_locale":"sk_SK","og_type":"article","og_title":"PROFESSIONAL MAKEUP - LaMizenkova","og_description":"Maria Mizenkova. Makeup artist, hairstylist, beauty consultant. I believe in a natural and healthy beauty, respectful with the environment. The passion for my work as a beauty professional drives me to accompany people to explore the best version of themselves, to create an image-based in a conscious and real self-care.","og_url":"https:\/\/lamizenkova.com\/sk\/makeup\/","og_site_name":"LaMizenkova","article_publisher":"https:\/\/www.facebook.com\/lamizenkova\/","article_modified_time":"2020-04-12T17:32:42+00:00","og_image":[{"url":"http:\/\/lamizenkova.com\/wp-content\/uploads\/2020\/03\/Magazine_ELTESORO_07-683x1024.jpg","type":"","width":"","height":""}],"twitter_card":"summary_large_image","twitter_misc":{"Predpokladan\u00fd \u010das \u010d\u00edtania":"1 min\u00fata"},"schema":{"@context":"https:\/\/schema.org","@graph":[{"@type":"WebPage","@id":"https:\/\/lamizenkova.com\/makeup\/","url":"https:\/\/lamizenkova.com\/makeup\/","name":"PROFESSIONAL MAKEUP - LaMizenkova","isPartOf":{"@id":"https:\/\/lamizenkova.com\/sk\/#website"},"primaryImageOfPage":{"@id":"https:\/\/lamizenkova.com\/makeup\/#primaryimage"},"image":{"@id":"https:\/\/lamizenkova.com\/makeup\/#primaryimage"},"thumbnailUrl":"https:\/\/lamizenkova.com\/wp-content\/uploads\/2020\/03\/Magazine_ELTESORO_07-683x1024.jpg","datePublished":"2020-03-09T10:43:51+00:00","dateModified":"2020-04-12T17:32:42+00:00","description":"Maria Mizenkova. Makeup artist, hairstylist, beauty consultant. I believe in a natural and healthy beauty, respectful with the environment. The passion for my work as a beauty professional drives me to accompany people to explore the best version of themselves, to create an image-based in a conscious and real self-care.","breadcrumb":{"@id":"https:\/\/lamizenkova.com\/makeup\/#breadcrumb"},"inLanguage":"sk-SK","potentialAction":[{"@type":"ReadAction","target":["https:\/\/lamizenkova.com\/makeup\/"]}]},{"@type":"ImageObject","inLanguage":"sk-SK","@id":"https:\/\/lamizenkova.com\/makeup\/#primaryimage","url":"https:\/\/lamizenkova.com\/wp-content\/uploads\/2020\/03\/Magazine_ELTESORO_07-683x1024.jpg","contentUrl":"https:\/\/lamizenkova.com\/wp-content\/uploads\/2020\/03\/Magazine_ELTESORO_07-683x1024.jpg"},{"@type":"BreadcrumbList","@id":"https:\/\/lamizenkova.com\/makeup\/#breadcrumb","itemListElement":[{"@type":"ListItem","position":1,"name":"Home","item":"https:\/\/lamizenkova.com\/"},{"@type":"ListItem","position":2,"name":"PROFESSIONAL MAKEUP"}]},{"@type":"WebSite","@id":"https:\/\/lamizenkova.com\/sk\/#website","url":"https:\/\/lamizenkova.com\/sk\/","name":"LaMizenkova","description":"Health and beauty","publisher":{"@id":"https:\/\/lamizenkova.com\/sk\/#organization"},"potentialAction":[{"@type":"SearchAction","target":{"@type":"EntryPoint","urlTemplate":"https:\/\/lamizenkova.com\/sk\/?s={search_term_string}"},"query-input":{"@type":"PropertyValueSpecification","valueRequired":true,"valueName":"search_term_string"}}],"inLanguage":"sk-SK"},{"@type":"Organization","@id":"https:\/\/lamizenkova.com\/sk\/#organization","name":"LaMIZENKOVA","url":"https:\/\/lamizenkova.com\/sk\/","logo":{"@type":"ImageObject","inLanguage":"sk-SK","@id":"https:\/\/lamizenkova.com\/sk\/#\/schema\/logo\/image\/","url":"","contentUrl":"","caption":"LaMIZENKOVA"},"image":{"@id":"https:\/\/lamizenkova.com\/sk\/#\/schema\/logo\/image\/"},"sameAs":["https:\/\/www.facebook.com\/lamizenkova\/","https:\/\/www.instagram.com\/lamizenkova\/","https:\/\/www.linkedin.com\/in\/lamizenkova\/","https:\/\/www.youtube.com\/channel\/UCm4WFW9dHhdNZGMg_fiHWEw"]}]}},"jetpack_sharing_enabled":true,"_links":{"self":[{"href":"https:\/\/lamizenkova.com\/sk\/wp-json\/wp\/v2\/pages\/263","targetHints":{"allow":["GET"]}}],"collection":[{"href":"https:\/\/lamizenkova.com\/sk\/wp-json\/wp\/v2\/pages"}],"about":[{"href":"https:\/\/lamizenkova.com\/sk\/wp-json\/wp\/v2\/types\/page"}],"author":[{"embeddable":true,"href":"https:\/\/lamizenkova.com\/sk\/wp-json\/wp\/v2\/users\/1"}],"replies":[{"embeddable":true,"href":"https:\/\/lamizenkova.com\/sk\/wp-json\/wp\/v2\/comments?post=263"}],"version-history":[{"count":31,"href":"https:\/\/lamizenkova.com\/sk\/wp-json\/wp\/v2\/pages\/263\/revisions"}],"predecessor-version":[{"id":900,"href":"https:\/\/lamizenkova.com\/sk\/wp-json\/wp\/v2\/pages\/263\/revisions\/900"}],"wp:attachment":[{"href":"https:\/\/lamizenkova.com\/sk\/wp-json\/wp\/v2\/media?parent=263"}],"curies":[{"name":"wp","href":"https:\/\/api.w.org\/{rel}","templated":true}]}}